{"id":182,"date":"2017-08-17T17:03:25","date_gmt":"2017-08-17T15:03:25","guid":{"rendered":"http:\/\/hep.fuw.edu.pl\/zctest\/?page_id=182"},"modified":"2017-08-31T15:20:08","modified_gmt":"2017-08-31T13:20:08","slug":"eksperyment-cms-przy-akceleratorze-lhc","status":"publish","type":"page","link":"http:\/\/hep.fuw.edu.pl\/index.php\/badania\/eksperyment-cms-przy-akceleratorze-lhc\/","title":{"rendered":"Eksperyment CMS\u00a0przy akceleratorze LHC"},"content":{"rendered":"<figure id=\"attachment_102\" aria-describedby=\"caption-attachment-102\" style=\"width: 1440px\" class=\"wp-caption alignnone\"><img loading=\"lazy\" class=\"size-full wp-image-102\" src=\"http:\/\/hep.fuw.edu.pl\/zctest\/wp-content\/uploads\/2017\/08\/CMS.jpg\" alt=\"\" width=\"1440\" height=\"960\" srcset=\"http:\/\/hep.fuw.edu.pl\/wp-content\/uploads\/2017\/08\/CMS.jpg 1440w, http:\/\/hep.fuw.edu.pl\/wp-content\/uploads\/2017\/08\/CMS-300x200.jpg 300w, http:\/\/hep.fuw.edu.pl\/wp-content\/uploads\/2017\/08\/CMS-768x512.jpg 768w, http:\/\/hep.fuw.edu.pl\/wp-content\/uploads\/2017\/08\/CMS-1024x683.jpg 1024w, http:\/\/hep.fuw.edu.pl\/wp-content\/uploads\/2017\/08\/CMS-1024x683-978x652.jpg 978w\" sizes=\"(max-width: 767px) 89vw, (max-width: 1000px) 54vw, (max-width: 1071px) 543px, 580px\" \/><figcaption id=\"caption-attachment-102\" class=\"wp-caption-text\">Eksperyment CMS<\/figcaption><\/figure>\n<p style=\"text-align: justify;\"><span style=\"font-size: 1rem;\">Detektor Compact Muon Solenoid (<\/span><a style=\"font-size: 1rem;\" href=\"http:\/\/cms.fuw.edu.pl\/\" target=\"_blank\" rel=\"noopener\">CMS<\/a><span style=\"font-size: 1rem;\">) zbudowany jest przez mi\u0119dzynarodow\u0105 wsp\u00f3\u0142prac\u0119 o tej samej nazwie w Europejskiej Organizacji Bada\u0144 J\u0105drowych CERN w Genewie. Polscy fizycy bior\u0105 aktywny udzia\u0142 we wsp\u00f3\u0142pracy CMS od 1991 roku czyli od momentu jej powstania. Warszawska grupa eksperymentu CMS tworzona jest przez Wydzia\u0142 Fizyki Uniwersytetu Warszawskiego, Narodowe Centrum Bada\u0144 J\u0105drowych oraz Politechnik\u0119 Warszawsk\u0105. Grupa odpowiedzialna jest za projekt, konstrukcje i utrzymanie w ruchu mionowego uk\u0142adu wyzwalaj\u0105cego dzia\u0142aj\u0105cego w oparciu o komory mionowe RPC (RPC TRIGGER). Obecnie zesp\u00f3\u0142 pracuje nad modyfikacj\u0105 tego uk\u0142adu. Grupa zajmuje si\u0119 r\u00f3wnie\u017c analiz\u0105 proces\u00f3w rozpadu bozonu Higgsa na dwa leptony tau (\u210e\u2192??) oraz procesami rozpraszania pp pod ma\u0142ymi k\u0105tami. Obecnie w sk\u0142ad grupy wchodzi 12 fizyk\u00f3w, 6 student\u00f3w i doktorant\u00f3w oraz kilku in\u017cynier\u00f3w.<\/span><\/p>\n","protected":false},"excerpt":{"rendered":"<p>Detektor Compact Muon Solenoid (CMS) zbudowany jest przez mi\u0119dzynarodow\u0105 wsp\u00f3\u0142prac\u0119 o tej samej nazwie w Europejskiej Organizacji Bada\u0144 J\u0105drowych CERN w Genewie. Polscy fizycy bior\u0105 aktywny udzia\u0142 we wsp\u00f3\u0142pracy CMS od 1991 roku czyli od momentu jej powstania. Warszawska grupa eksperymentu CMS tworzona jest przez Wydzia\u0142 Fizyki Uniwersytetu Warszawskiego, Narodowe Centrum Bada\u0144 J\u0105drowych oraz Politechnik\u0119 &hellip; <\/p>\n<p class=\"link-more\"><a href=\"http:\/\/hep.fuw.edu.pl\/index.php\/badania\/eksperyment-cms-przy-akceleratorze-lhc\/\" class=\"more-link\">Czytaj dalej<span class=\"screen-reader-text\"> Eksperyment CMS\u00a0przy akceleratorze LHC<\/span><\/a><\/p>\n","protected":false},"author":2,"featured_media":0,"parent":72,"menu_order":0,"comment_status":"closed","ping_status":"closed","template":"","meta":[],"_links":{"self":[{"href":"http:\/\/hep.fuw.edu.pl\/index.php\/wp-json\/wp\/v2\/pages\/182"}],"collection":[{"href":"http:\/\/hep.fuw.edu.pl\/index.php\/wp-json\/wp\/v2\/pages"}],"about":[{"href":"http:\/\/hep.fuw.edu.pl\/index.php\/wp-json\/wp\/v2\/types\/page"}],"author":[{"embeddable":true,"href":"http:\/\/hep.fuw.edu.pl\/index.php\/wp-json\/wp\/v2\/users\/2"}],"replies":[{"embeddable":true,"href":"http:\/\/hep.fuw.edu.pl\/index.php\/wp-json\/wp\/v2\/comments?post=182"}],"version-history":[{"count":7,"href":"http:\/\/hep.fuw.edu.pl\/index.php\/wp-json\/wp\/v2\/pages\/182\/revisions"}],"predecessor-version":[{"id":308,"href":"http:\/\/hep.fuw.edu.pl\/index.php\/wp-json\/wp\/v2\/pages\/182\/revisions\/308"}],"up":[{"embeddable":true,"href":"http:\/\/hep.fuw.edu.pl\/index.php\/wp-json\/wp\/v2\/pages\/72"}],"wp:attachment":[{"href":"http:\/\/hep.fuw.edu.pl\/index.php\/wp-json\/wp\/v2\/media?parent=182"}],"curies":[{"name":"wp","href":"https:\/\/api.w.org\/{rel}","templated":true}]}}