{"id":184,"date":"2017-08-17T17:03:53","date_gmt":"2017-08-17T15:03:53","guid":{"rendered":"http:\/\/hep.fuw.edu.pl\/zctest\/?page_id=184"},"modified":"2017-08-31T15:20:31","modified_gmt":"2017-08-31T13:20:31","slug":"eksperyment-compass-przy-akceleratorze-sps","status":"publish","type":"page","link":"http:\/\/hep.fuw.edu.pl\/index.php\/badania\/eksperyment-compass-przy-akceleratorze-sps\/","title":{"rendered":"Eksperyment COMPASS przy akceleratorze SPS"},"content":{"rendered":"<p style=\"text-align: justify;\"><img loading=\"lazy\" class=\"alignnone wp-image-103 size-full\" src=\"http:\/\/hep.fuw.edu.pl\/zctest\/wp-content\/uploads\/2017\/08\/compass.jpg\" alt=\"\" width=\"1200\" height=\"441\" srcset=\"http:\/\/hep.fuw.edu.pl\/wp-content\/uploads\/2017\/08\/compass.jpg 1200w, http:\/\/hep.fuw.edu.pl\/wp-content\/uploads\/2017\/08\/compass-300x110.jpg 300w, http:\/\/hep.fuw.edu.pl\/wp-content\/uploads\/2017\/08\/compass-768x282.jpg 768w, http:\/\/hep.fuw.edu.pl\/wp-content\/uploads\/2017\/08\/compass-1024x376.jpg 1024w, http:\/\/hep.fuw.edu.pl\/wp-content\/uploads\/2017\/08\/compass-1024x376-978x359.jpg 978w\" sizes=\"(max-width: 767px) 89vw, (max-width: 1000px) 54vw, (max-width: 1071px) 543px, 580px\" \/><\/p>\n<p style=\"text-align: justify;\"><a href=\"http:\/\/wwwcompass.cern.ch\/\" target=\"_blank\" rel=\"noopener\">COMPASS<\/a> jest eksperymentem fizyki wysokich energii przy akceleratorze &#8222;Super Proton Synchrotron (SPS)&#8221; w CERN. po\u015bwi\u0119conym badaniu struktury spinowej nukleonu. Od wielu lat stoimy wobec tzw. zagadki spinu nukleonu: okazuje si\u0119, \u017ce spin kwark\u00f3w i gluon\u00f3w nie sk\u0142ada si\u0119 na spin protonu, a wyja\u015bnienia tego faktu szuka si\u0119 tak na gruncie do\u015bwiadczalnym jak i teoretycznym.<\/p>\n","protected":false},"excerpt":{"rendered":"<p>COMPASS jest eksperymentem fizyki wysokich energii przy akceleratorze &#8222;Super Proton Synchrotron (SPS)&#8221; w CERN. po\u015bwi\u0119conym badaniu struktury spinowej nukleonu. Od wielu lat stoimy wobec tzw. zagadki spinu nukleonu: okazuje si\u0119, \u017ce spin kwark\u00f3w i gluon\u00f3w nie sk\u0142ada si\u0119 na spin protonu, a wyja\u015bnienia tego faktu szuka si\u0119 tak na gruncie do\u015bwiadczalnym jak i teoretycznym.<\/p>\n","protected":false},"author":2,"featured_media":0,"parent":72,"menu_order":0,"comment_status":"closed","ping_status":"closed","template":"","meta":[],"_links":{"self":[{"href":"http:\/\/hep.fuw.edu.pl\/index.php\/wp-json\/wp\/v2\/pages\/184"}],"collection":[{"href":"http:\/\/hep.fuw.edu.pl\/index.php\/wp-json\/wp\/v2\/pages"}],"about":[{"href":"http:\/\/hep.fuw.edu.pl\/index.php\/wp-json\/wp\/v2\/types\/page"}],"author":[{"embeddable":true,"href":"http:\/\/hep.fuw.edu.pl\/index.php\/wp-json\/wp\/v2\/users\/2"}],"replies":[{"embeddable":true,"href":"http:\/\/hep.fuw.edu.pl\/index.php\/wp-json\/wp\/v2\/comments?post=184"}],"version-history":[{"count":6,"href":"http:\/\/hep.fuw.edu.pl\/index.php\/wp-json\/wp\/v2\/pages\/184\/revisions"}],"predecessor-version":[{"id":309,"href":"http:\/\/hep.fuw.edu.pl\/index.php\/wp-json\/wp\/v2\/pages\/184\/revisions\/309"}],"up":[{"embeddable":true,"href":"http:\/\/hep.fuw.edu.pl\/index.php\/wp-json\/wp\/v2\/pages\/72"}],"wp:attachment":[{"href":"http:\/\/hep.fuw.edu.pl\/index.php\/wp-json\/wp\/v2\/media?parent=184"}],"curies":[{"name":"wp","href":"https:\/\/api.w.org\/{rel}","templated":true}]}}