{"id":188,"date":"2017-08-17T17:04:49","date_gmt":"2017-08-17T15:04:49","guid":{"rendered":"http:\/\/hep.fuw.edu.pl\/zctest\/?page_id=188"},"modified":"2020-01-30T17:25:36","modified_gmt":"2020-01-30T15:25:36","slug":"eksperyment-na61-shine","status":"publish","type":"page","link":"http:\/\/hep.fuw.edu.pl\/index.php\/badania\/eksperyment-na61-shine\/","title":{"rendered":"Eksperyment NA61\/SHINE przy akceleratorze SPS"},"content":{"rendered":"<p style=\"text-align: justify;\"><img loading=\"lazy\" class=\"alignnone size-full wp-image-166\" src=\"http:\/\/hep.fuw.edu.pl\/zctest\/wp-content\/uploads\/2017\/08\/shine.png\" alt=\"\" width=\"3993\" height=\"2581\" srcset=\"http:\/\/hep.fuw.edu.pl\/wp-content\/uploads\/2017\/08\/shine.png 3993w, http:\/\/hep.fuw.edu.pl\/wp-content\/uploads\/2017\/08\/shine-300x194.png 300w, http:\/\/hep.fuw.edu.pl\/wp-content\/uploads\/2017\/08\/shine-768x496.png 768w, http:\/\/hep.fuw.edu.pl\/wp-content\/uploads\/2017\/08\/shine-1024x662.png 1024w\" sizes=\"(max-width: 767px) 89vw, (max-width: 1000px) 54vw, (max-width: 1071px) 543px, 580px\" \/><\/p>\n<p style=\"text-align: justify;\"><a href=\"http:\/\/shine.web.cern.ch\">NA61\/SHINE przy akceleratorze SPS<\/a>\u00a0jest to eksperyment dzia\u0142aj\u0105cy przy akceleratorze SPS w laboratorium CERN. Badania eksperymentu skupiaj\u0105 si\u0119 wok\u00f3\u0142 zderze\u0144 ci\u0119\u017ckich jon\u00f3w w zakresie energii 13 &#8211; 158 GeV na nukleon. Eksperyment wykonuje unikalny skan w funkcji energii oraz rozmiaru uk\u0142adu zderzanych jon\u00f3w. G\u0142\u00f3wnymi celami fizycznymi eksperymentu wyznaczenie progu na produkcj\u0119 plazmy kwarkowo-gluonowej i odnalezienie punktu krytycznego silnie oddzia\u0142uj\u0105cej materii. Opr\u00f3cz tego, NA61\/SHINE zajmuje si\u0119 tak\u017ce wykonywaniem pomiar\u00f3w referencyjnych dla takich eksperyment\u00f3w jak: T2K, Pierre Auger Observatory i KASCADE.<\/p>\n","protected":false},"excerpt":{"rendered":"<p>NA61\/SHINE przy akceleratorze SPS\u00a0jest to eksperyment dzia\u0142aj\u0105cy przy akceleratorze SPS w laboratorium CERN. Badania eksperymentu skupiaj\u0105 si\u0119 wok\u00f3\u0142 zderze\u0144 ci\u0119\u017ckich jon\u00f3w w zakresie energii 13 &#8211; 158 GeV na nukleon. Eksperyment wykonuje unikalny skan w funkcji energii oraz rozmiaru uk\u0142adu zderzanych jon\u00f3w. G\u0142\u00f3wnymi celami fizycznymi eksperymentu wyznaczenie progu na produkcj\u0119 plazmy kwarkowo-gluonowej i odnalezienie punktu &hellip; <\/p>\n<p class=\"link-more\"><a href=\"http:\/\/hep.fuw.edu.pl\/index.php\/badania\/eksperyment-na61-shine\/\" class=\"more-link\">Czytaj dalej<span class=\"screen-reader-text\"> Eksperyment NA61\/SHINE przy akceleratorze SPS<\/span><\/a><\/p>\n","protected":false},"author":2,"featured_media":0,"parent":72,"menu_order":0,"comment_status":"closed","ping_status":"closed","template":"","meta":[],"_links":{"self":[{"href":"http:\/\/hep.fuw.edu.pl\/index.php\/wp-json\/wp\/v2\/pages\/188"}],"collection":[{"href":"http:\/\/hep.fuw.edu.pl\/index.php\/wp-json\/wp\/v2\/pages"}],"about":[{"href":"http:\/\/hep.fuw.edu.pl\/index.php\/wp-json\/wp\/v2\/types\/page"}],"author":[{"embeddable":true,"href":"http:\/\/hep.fuw.edu.pl\/index.php\/wp-json\/wp\/v2\/users\/2"}],"replies":[{"embeddable":true,"href":"http:\/\/hep.fuw.edu.pl\/index.php\/wp-json\/wp\/v2\/comments?post=188"}],"version-history":[{"count":7,"href":"http:\/\/hep.fuw.edu.pl\/index.php\/wp-json\/wp\/v2\/pages\/188\/revisions"}],"predecessor-version":[{"id":496,"href":"http:\/\/hep.fuw.edu.pl\/index.php\/wp-json\/wp\/v2\/pages\/188\/revisions\/496"}],"up":[{"embeddable":true,"href":"http:\/\/hep.fuw.edu.pl\/index.php\/wp-json\/wp\/v2\/pages\/72"}],"wp:attachment":[{"href":"http:\/\/hep.fuw.edu.pl\/index.php\/wp-json\/wp\/v2\/media?parent=188"}],"curies":[{"name":"wp","href":"https:\/\/api.w.org\/{rel}","templated":true}]}}