{"id":190,"date":"2017-08-17T17:05:14","date_gmt":"2017-08-17T15:05:14","guid":{"rendered":"http:\/\/hep.fuw.edu.pl\/zctest\/?page_id=190"},"modified":"2017-08-31T15:19:06","modified_gmt":"2017-08-31T13:19:06","slug":"ilc","status":"publish","type":"page","link":"http:\/\/hep.fuw.edu.pl\/index.php\/badania\/ilc\/","title":{"rendered":"ILC\/CLIC"},"content":{"rendered":"<p><img loading=\"lazy\" class=\"alignnone size-full wp-image-164\" src=\"http:\/\/hep.fuw.edu.pl\/zctest\/wp-content\/uploads\/2017\/08\/ilc2_big.jpg\" alt=\"\" width=\"3000\" height=\"2000\" srcset=\"http:\/\/hep.fuw.edu.pl\/wp-content\/uploads\/2017\/08\/ilc2_big.jpg 3000w, http:\/\/hep.fuw.edu.pl\/wp-content\/uploads\/2017\/08\/ilc2_big-300x200.jpg 300w, http:\/\/hep.fuw.edu.pl\/wp-content\/uploads\/2017\/08\/ilc2_big-768x512.jpg 768w, http:\/\/hep.fuw.edu.pl\/wp-content\/uploads\/2017\/08\/ilc2_big-1024x683.jpg 1024w\" sizes=\"(max-width: 767px) 89vw, (max-width: 1000px) 54vw, (max-width: 1071px) 543px, 580px\" \/><\/p>\n<p style=\"text-align: justify;\"><a href=\"https:\/\/www.linearcollider.org\/ILC\" target=\"_blank\" rel=\"noopener\">ILC<\/a> jest projektem nowego akceleratora liniowego elektron-pozyton, opartego na technologii nadprzewodz\u0105cych wn\u0119k przyspieszaj\u0105cych. W pracach nad ILC uczestnicz\u0105 wsp\u00f3lnie fizycy z Instytutu Fizyki Teoretycznej i Instytutu Fizyki Do\u015bwiadczalnej UW, we wsp\u00f3\u0142pracy z fizykami z innych instytucji. Tematem prowadzonych badan s\u0105: lekki i ci\u0119\u017cki bozon Higgsa, rzadkie rozpady kwarku t, zderzenia foton-foton.<\/p>\n<p><img loading=\"lazy\" class=\"alignnone size-full wp-image-260\" src=\"http:\/\/hep.fuw.edu.pl\/zctest\/wp-content\/uploads\/2017\/08\/heading.jpg\" alt=\"\" width=\"934\" height=\"201\" srcset=\"http:\/\/hep.fuw.edu.pl\/wp-content\/uploads\/2017\/08\/heading.jpg 934w, http:\/\/hep.fuw.edu.pl\/wp-content\/uploads\/2017\/08\/heading-300x65.jpg 300w, http:\/\/hep.fuw.edu.pl\/wp-content\/uploads\/2017\/08\/heading-768x165.jpg 768w\" sizes=\"(max-width: 767px) 89vw, (max-width: 1000px) 54vw, (max-width: 1071px) 543px, 580px\" \/><\/p>\n<p style=\"text-align: justify;\"><a href=\"http:\/\/clic-study.web.cern.ch\">CLIC<\/a>\u00a0jest mi\u0119dzynarodowym przedsi\u0119wzi\u0119ciem maj\u0105cym na celu stworzenie zderzacza elektro-pozyton przy energiach rz\u0119du TeV.<\/p>\n","protected":false},"excerpt":{"rendered":"<p>ILC jest projektem nowego akceleratora liniowego elektron-pozyton, opartego na technologii nadprzewodz\u0105cych wn\u0119k przyspieszaj\u0105cych. W pracach nad ILC uczestnicz\u0105 wsp\u00f3lnie fizycy z Instytutu Fizyki Teoretycznej i Instytutu Fizyki Do\u015bwiadczalnej UW, we wsp\u00f3\u0142pracy z fizykami z innych instytucji. Tematem prowadzonych badan s\u0105: lekki i ci\u0119\u017cki bozon Higgsa, rzadkie rozpady kwarku t, zderzenia foton-foton. CLIC\u00a0jest mi\u0119dzynarodowym przedsi\u0119wzi\u0119ciem maj\u0105cym &hellip; <\/p>\n<p class=\"link-more\"><a href=\"http:\/\/hep.fuw.edu.pl\/index.php\/badania\/ilc\/\" class=\"more-link\">Czytaj dalej<span class=\"screen-reader-text\"> ILC\/CLIC<\/span><\/a><\/p>\n","protected":false},"author":2,"featured_media":0,"parent":72,"menu_order":0,"comment_status":"closed","ping_status":"closed","template":"","meta":[],"_links":{"self":[{"href":"http:\/\/hep.fuw.edu.pl\/index.php\/wp-json\/wp\/v2\/pages\/190"}],"collection":[{"href":"http:\/\/hep.fuw.edu.pl\/index.php\/wp-json\/wp\/v2\/pages"}],"about":[{"href":"http:\/\/hep.fuw.edu.pl\/index.php\/wp-json\/wp\/v2\/types\/page"}],"author":[{"embeddable":true,"href":"http:\/\/hep.fuw.edu.pl\/index.php\/wp-json\/wp\/v2\/users\/2"}],"replies":[{"embeddable":true,"href":"http:\/\/hep.fuw.edu.pl\/index.php\/wp-json\/wp\/v2\/comments?post=190"}],"version-history":[{"count":7,"href":"http:\/\/hep.fuw.edu.pl\/index.php\/wp-json\/wp\/v2\/pages\/190\/revisions"}],"predecessor-version":[{"id":305,"href":"http:\/\/hep.fuw.edu.pl\/index.php\/wp-json\/wp\/v2\/pages\/190\/revisions\/305"}],"up":[{"embeddable":true,"href":"http:\/\/hep.fuw.edu.pl\/index.php\/wp-json\/wp\/v2\/pages\/72"}],"wp:attachment":[{"href":"http:\/\/hep.fuw.edu.pl\/index.php\/wp-json\/wp\/v2\/media?parent=190"}],"curies":[{"name":"wp","href":"https:\/\/api.w.org\/{rel}","templated":true}]}}