{"id":192,"date":"2017-08-17T17:05:42","date_gmt":"2017-08-17T15:05:42","guid":{"rendered":"http:\/\/hep.fuw.edu.pl\/zctest\/?page_id=192"},"modified":"2019-12-28T20:15:41","modified_gmt":"2019-12-28T18:15:41","slug":"pi-of-the-sky","status":"publish","type":"page","link":"http:\/\/hep.fuw.edu.pl\/index.php\/badania\/pi-of-the-sky\/","title":{"rendered":"Pi of the Sky"},"content":{"rendered":"<figure id=\"attachment_165\" aria-describedby=\"caption-attachment-165\" style=\"width: 450px\" class=\"wp-caption aligncenter\"><img loading=\"lazy\" class=\"wp-image-165\" src=\"http:\/\/hep.fuw.edu.pl\/wp-content\/uploads\/2017\/08\/pi-300x168.jpg\" alt=\"\" width=\"450\" height=\"252\" srcset=\"http:\/\/hep.fuw.edu.pl\/wp-content\/uploads\/2017\/08\/pi-300x168.jpg 300w, http:\/\/hep.fuw.edu.pl\/wp-content\/uploads\/2017\/08\/pi.jpg 692w\" sizes=\"(max-width: 450px) 100vw, 450px\" \/><figcaption id=\"caption-attachment-165\" class=\"wp-caption-text\">Pi of the Sky<\/figcaption><\/figure>\n<p style=\"text-align: justify;\">Eksperyment &#8222;<a style=\"font-size: 1rem;\" href=\"https:\/\/www.pi.fuw.edu.pl\" target=\"_blank\" rel=\"noopener\">Pi of the Sky<\/a>&#8221; zajmowa\u0142 si\u0119 poszukiwaniem b\u0142ysk\u00f3w optycznych na niebie, w szczeg\u00f3lno\u015bci po\u015bwiat optycznych zwi\u0105zanych z rozb\u0142yskami gamma (ang. Gamma Ray Burst, GRB). GRB s\u0105 najpot\u0119\u017cniejszymi, naturalnymi \u017ar\u00f3d\u0142ami energii znanymi ludzko\u015bci. Rozb\u0142yski promieniowania gamma zdarzaj\u0105 si\u0119 losowo na ca\u0142ej sferze niebieskiej, \u015brednio 2 dziennie, i trwaj\u0105 od kilku do kilkuset sekund. Ich olbrzymia energia jest skupiona w w\u0105skim sto\u017cku, co powoduje, \u017ce mo\u017cna je obserwowa\u0107 z odleg\u0142o\u015bci miliard\u00f3w lat \u015bwietlnych. Poniewa\u017c nie wiadomo gdzie i kiedy nast\u0105pi kolejny wybuch, dlatego aby zaobserwowa\u0107 rozb\u0142ysk gamma nale\u017cy monitorowa\u0107 jak najwi\u0119kszy fragment nieba przez jak najd\u0142u\u017cszy czas. W ramach projektu &#8222;Pi of the Sky&#8221;, zbudowano dwa obserwatoria, w Chile i w Hiszpani, w kt\u00f3rych umieszczono teleskopy-roboty z kamerami o du\u017cym polu widzenia (20&#215;20 stopni), kt\u00f3re prowadzi\u0142y ci\u0105g\u0142e obserwacje nocnego nieba (odpowiednio po\u0142udniowej i p\u00f3\u0142nocnej jego p\u00f3\u0142kuli) z du\u017c\u0105 rozdzielczo\u015bci\u0105 czasow\u0105 (~10 sekund). Opr\u00f3cz b\u0142ysk\u00f3w GRB poszukiwali\u015bmy tak\u017ce b\u0142ysk\u00f3w zwi\u0105zanych ze \u017ar\u00f3d\u0142ami fal grawitacyjnych,\u00a0 gwiazdy zmiennych, niezidentyfikowanych cia\u0142a kosmicznych przelatuj\u0105cych blisko Ziemi, \u015bledzili\u015bmy sztuczne satelity, \u015bmieci kosmiczne, itp. Eksperyment zosta\u0142 zako\u0144czony w roku 2017.<\/p>\n<p>&nbsp;<\/p>\n","protected":false},"excerpt":{"rendered":"<p>Eksperyment &#8222;Pi of the Sky&#8221; zajmowa\u0142 si\u0119 poszukiwaniem b\u0142ysk\u00f3w optycznych na niebie, w szczeg\u00f3lno\u015bci po\u015bwiat optycznych zwi\u0105zanych z rozb\u0142yskami gamma (ang. Gamma Ray Burst, GRB). GRB s\u0105 najpot\u0119\u017cniejszymi, naturalnymi \u017ar\u00f3d\u0142ami energii znanymi ludzko\u015bci. Rozb\u0142yski promieniowania gamma zdarzaj\u0105 si\u0119 losowo na ca\u0142ej sferze niebieskiej, \u015brednio 2 dziennie, i trwaj\u0105 od kilku do kilkuset sekund. Ich olbrzymia &hellip; <\/p>\n<p class=\"link-more\"><a href=\"http:\/\/hep.fuw.edu.pl\/index.php\/badania\/pi-of-the-sky\/\" class=\"more-link\">Czytaj dalej<span class=\"screen-reader-text\"> Pi of the Sky<\/span><\/a><\/p>\n","protected":false},"author":2,"featured_media":0,"parent":72,"menu_order":0,"comment_status":"closed","ping_status":"closed","template":"","meta":[],"_links":{"self":[{"href":"http:\/\/hep.fuw.edu.pl\/index.php\/wp-json\/wp\/v2\/pages\/192"}],"collection":[{"href":"http:\/\/hep.fuw.edu.pl\/index.php\/wp-json\/wp\/v2\/pages"}],"about":[{"href":"http:\/\/hep.fuw.edu.pl\/index.php\/wp-json\/wp\/v2\/types\/page"}],"author":[{"embeddable":true,"href":"http:\/\/hep.fuw.edu.pl\/index.php\/wp-json\/wp\/v2\/users\/2"}],"replies":[{"embeddable":true,"href":"http:\/\/hep.fuw.edu.pl\/index.php\/wp-json\/wp\/v2\/comments?post=192"}],"version-history":[{"count":9,"href":"http:\/\/hep.fuw.edu.pl\/index.php\/wp-json\/wp\/v2\/pages\/192\/revisions"}],"predecessor-version":[{"id":459,"href":"http:\/\/hep.fuw.edu.pl\/index.php\/wp-json\/wp\/v2\/pages\/192\/revisions\/459"}],"up":[{"embeddable":true,"href":"http:\/\/hep.fuw.edu.pl\/index.php\/wp-json\/wp\/v2\/pages\/72"}],"wp:attachment":[{"href":"http:\/\/hep.fuw.edu.pl\/index.php\/wp-json\/wp\/v2\/media?parent=192"}],"curies":[{"name":"wp","href":"https:\/\/api.w.org\/{rel}","templated":true}]}}