{"id":194,"date":"2017-08-17T17:06:02","date_gmt":"2017-08-17T15:06:02","guid":{"rendered":"http:\/\/hep.fuw.edu.pl\/zctest\/?page_id=194"},"modified":"2019-12-28T20:28:32","modified_gmt":"2019-12-28T18:28:32","slug":"zeus-2","status":"publish","type":"page","link":"http:\/\/hep.fuw.edu.pl\/index.php\/badania\/zeus-2\/","title":{"rendered":"ZEUS"},"content":{"rendered":"<p style=\"text-align: justify;\">Mi\u0119dzynarodowy eksperyment ZEUS dzia\u0142a\u0142 w latach 1992-2007 i bada\u0142 zderzenia elektron\u00f3w (i pozyton\u00f3w) z protonami przy akceleratorze HERA w o\u015brodku DESY w Hamburgu (Niemcy).\u00a0 Grupa warszawska eksperymentu ZEUS by\u0142a odpowiedzialna m.in. za projekt, budow\u0119, bie\u017c\u0105cy nadz\u00f3r i analiz\u0119 danych z dw\u00f3ch uk\u0142ad\u00f3w detekcyjnych: kalorymetru uzupe\u0142niaj\u0105cego BAC i tzw. \u015bciany weto (Vetowall).<\/p>\n<figure id=\"attachment_167\" aria-describedby=\"caption-attachment-167\" style=\"width: 525px\" class=\"wp-caption aligncenter\"><img loading=\"lazy\" class=\"wp-image-167 size-large\" src=\"http:\/\/hep.fuw.edu.pl\/wp-content\/uploads\/2017\/08\/zeus-1024x633.gif\" alt=\"\" width=\"525\" height=\"325\" srcset=\"http:\/\/hep.fuw.edu.pl\/wp-content\/uploads\/2017\/08\/zeus-1024x633.gif 1024w, http:\/\/hep.fuw.edu.pl\/wp-content\/uploads\/2017\/08\/zeus-300x185.gif 300w, http:\/\/hep.fuw.edu.pl\/wp-content\/uploads\/2017\/08\/zeus-768x475.gif 768w\" sizes=\"(max-width: 525px) 100vw, 525px\" \/><figcaption id=\"caption-attachment-167\" class=\"wp-caption-text\">Detektor ZEUS<\/figcaption><\/figure>\n<p style=\"text-align: justify;\">Tematem analizy fizycznej nad kt\u00f3rym obecnie pracuj\u0105 cz\u0142onkowie warszawskiej grupy ZEUS jest elastyczna produkcja mezon\u00f3w wektorowych w fotoprodukcji i g\u0142eboko-nieelastycznym rozpraszaniu elektron-proton, a tak\u017ce rekonstrukcja rozpad\u00f3w leptonowych J\/Psi.<\/p>\n<p style=\"text-align: justify;\">Wcze\u015bniej prowadzona analiza dost\u0119pnych danych z pomiar\u00f3w g\u0142\u0119boko nieelastycznego rozpraszania elektron-proton w modelu sprz\u0119\u017ce\u0144 punktowych, kt\u00f3rej celem by\u0142o wyznaczenie ogranicze\u0144 na promie\u0144 kwarku oraz skale masowe &#8222;nowej fizyki&#8221; w ramach r\u00f3\u017cnych scenariuszy (leptokwark\u00f3w, skwark\u00f3w, nowych oddzia\u0142ywa\u0144), zosta\u0142a zako\u0144czona w roku 2019, a jej wyniki opublikowane w pracy:<br \/>\nZEUS Collaboration (H. Abramowicz et al.), <em>Limits on contact interactions and leptoquarks at HERA<\/em>, Phys.Rev. D99 (2019) no.9, 092006, <a href=\"http:\/\/arxiv.org\/abs\/arXiv:1902.03048\">arXiv:1902.03048<\/a>.<\/p>\n","protected":false},"excerpt":{"rendered":"<p>Mi\u0119dzynarodowy eksperyment ZEUS dzia\u0142a\u0142 w latach 1992-2007 i bada\u0142 zderzenia elektron\u00f3w (i pozyton\u00f3w) z protonami przy akceleratorze HERA w o\u015brodku DESY w Hamburgu (Niemcy).\u00a0 Grupa warszawska eksperymentu ZEUS by\u0142a odpowiedzialna m.in. za projekt, budow\u0119, bie\u017c\u0105cy nadz\u00f3r i analiz\u0119 danych z dw\u00f3ch uk\u0142ad\u00f3w detekcyjnych: kalorymetru uzupe\u0142niaj\u0105cego BAC i tzw. \u015bciany weto (Vetowall). Tematem analizy fizycznej nad &hellip; <\/p>\n<p class=\"link-more\"><a href=\"http:\/\/hep.fuw.edu.pl\/index.php\/badania\/zeus-2\/\" class=\"more-link\">Czytaj dalej<span class=\"screen-reader-text\"> ZEUS<\/span><\/a><\/p>\n","protected":false},"author":2,"featured_media":0,"parent":72,"menu_order":0,"comment_status":"closed","ping_status":"closed","template":"","meta":[],"_links":{"self":[{"href":"http:\/\/hep.fuw.edu.pl\/index.php\/wp-json\/wp\/v2\/pages\/194"}],"collection":[{"href":"http:\/\/hep.fuw.edu.pl\/index.php\/wp-json\/wp\/v2\/pages"}],"about":[{"href":"http:\/\/hep.fuw.edu.pl\/index.php\/wp-json\/wp\/v2\/types\/page"}],"author":[{"embeddable":true,"href":"http:\/\/hep.fuw.edu.pl\/index.php\/wp-json\/wp\/v2\/users\/2"}],"replies":[{"embeddable":true,"href":"http:\/\/hep.fuw.edu.pl\/index.php\/wp-json\/wp\/v2\/comments?post=194"}],"version-history":[{"count":10,"href":"http:\/\/hep.fuw.edu.pl\/index.php\/wp-json\/wp\/v2\/pages\/194\/revisions"}],"predecessor-version":[{"id":463,"href":"http:\/\/hep.fuw.edu.pl\/index.php\/wp-json\/wp\/v2\/pages\/194\/revisions\/463"}],"up":[{"embeddable":true,"href":"http:\/\/hep.fuw.edu.pl\/index.php\/wp-json\/wp\/v2\/pages\/72"}],"wp:attachment":[{"href":"http:\/\/hep.fuw.edu.pl\/index.php\/wp-json\/wp\/v2\/media?parent=194"}],"curies":[{"name":"wp","href":"https:\/\/api.w.org\/{rel}","templated":true}]}}