{"id":374,"date":"2019-12-27T23:29:28","date_gmt":"2019-12-27T21:29:28","guid":{"rendered":"http:\/\/hep.fuw.edu.pl\/?page_id=374"},"modified":"2023-03-13T16:33:29","modified_gmt":"2023-03-13T14:33:29","slug":"cwiczenia-w-grupach-badawczych","status":"publish","type":"page","link":"http:\/\/hep.fuw.edu.pl\/index.php\/studenci\/cwiczenia-w-grupach-badawczych\/","title":{"rendered":"\u0106wiczenia w grupach badawczych"},"content":{"rendered":"<p>W ramach studi\u00f3w II stopnia specjalizacji &#8222;Fizyka Cz\u0105stek i Oddzia\u0142ywa\u0144 Fundamentalnych&#8221; kszta\u0142cenie odbywa si\u0119 tak\u017ce poprzez bezpo\u015bredni\u00a0 udzia\u0142 student\u00f3w w dzia\u0142alno\u015bci grup badawczych Zak\u0142adu. \u0106wiczenia w grupach badawczych powinny by\u0107 realizowane w ramach Specjalistycznego laboratorium fizycznego fizyki cz\u0105stek elementarnych, w przypadku student\u00f3w zainteresowanych specjalizacj\u0105 mog\u0105 by\u0107 tak\u017ce rozliczone w ramach Pracowni fizycznej II stopnia.<\/p>\n<p>Poni\u017csza lista dost\u0119pnych temat\u00f3w \u0107wicze\u0144 ma charakter orientacyjny. Szczeg\u00f3\u0142y \u0107wiczenia s\u0105 ka\u017cdorazowo ustalane z prowadz\u0105cym i ewoluuj\u0105 w miar\u0119 post\u0119pu prac badawczych prowadzonych w Zak\u0142adzie.<\/p>\n\n<table id=\"tablepress-6\" class=\"tablepress tablepress-id-6\">\n<thead>\n<tr class=\"row-1 odd\">\n\t<th class=\"column-1\">ID<\/th><th class=\"column-2\">Temat<\/th><th class=\"column-3\">Opiekun<\/th>\n<\/tr>\n<\/thead>\n<tbody class=\"row-hover\">\n<tr class=\"row-2 even\">\n\t<td class=\"column-1\">1<\/td><td class=\"column-2\"><a href=\"http:\/\/hep.fuw.edu.pl\/index.php\/cwiczenie-001\/\">Badanie wydajno\u015bci nowego algorytmu rekonstrukcji p\u0119du poprzecznego mion\u00f3w w uk\u0142adzie wyzwalania eksperymentu CMS<\/a><\/td><td class=\"column-3\">dr hab. Marcin Konecki, prof. ucz. <br \/>\nemail: &#77;&#x61;&#x72;c&#105;&#x6e;&#46;&#75;&#x6f;&#x6e;e&#99;&#x6b;i&#64;&#x66;&#x75;w&#46;&#x65;d&#117;&#x2e;&#x70;&#108;<\/td>\n<\/tr>\n<tr class=\"row-3 odd\">\n\t<td class=\"column-1\">2<\/td><td class=\"column-2\"><a href=\"http:\/\/hep.fuw.edu.pl\/index.php\/cwiczenie-002\/\">Jaki wp\u0142yw mog\u0105 mie\u0107 neutrina sterylne na obserwacje w eksperymentach neutrinowych ?<\/a><\/td><td class=\"column-3\">dr hab. Katarzyna Grzelak<br \/>\nemail: Katarzyn&#97;&#46;&#71;&#114;&#122;&#101;&#108;&#97;&#107;&#64;&#x66;&#x75;&#x77;&#x2e;&#x65;&#x64;&#x75;&#x2e;&#x70;&#x6c;<\/td>\n<\/tr>\n<tr class=\"row-4 even\">\n\t<td class=\"column-1\">4<\/td><td class=\"column-2\"><a href=\"http:\/\/hep.fuw.edu.pl\/index.php\/cwiczenie-004\/\">Poszukiwanie przypadk\u00f3w z produkcj\u0105 cz\u0105stek ciemnej materii w przysz\u0142ych akceleratorach ILC i CLIC<\/a><\/td><td class=\"column-3\">prof. dr hab Aleksander Filip \u017barnecki<br \/>\nemail: &#122;&#97;&#x72;n&#101;&#x63;&#x6b;i&#64;&#x66;&#x75;w&#46;&#x65;d&#117;&#x2e;&#x70;l<\/td>\n<\/tr>\n<tr class=\"row-5 odd\">\n\t<td class=\"column-1\">6<\/td><td class=\"column-2\"><a href=\"http:\/\/hep.fuw.edu.pl\/index.php\/cwiczenie-006\/\">Analiza danych zebranych przez detektor czasu przelotu w eksperymencie NA61\/SHINE w CERN<\/a><\/td><td class=\"column-3\">prof. dr hab. Wojciech Dominik<br \/>\nemail: domi&#110;&#105;&#107;&#64;&#102;&#117;&#119;&#x2e;&#x65;&#x64;&#x75;&#x2e;&#x70;&#x6c;<\/td>\n<\/tr>\n<tr class=\"row-6 even\">\n\t<td class=\"column-1\">8<\/td><td class=\"column-2\"><a href=\"http:\/\/hep.fuw.edu.pl\/index.php\/cwiczenie-008\/\">Pomiar radioaktywnosci naturalnej i promieniowania kosmicznego za pomoca detektora Cosmic Watch<\/a><\/td><td class=\"column-3\">prof. dr hab. Krzysztof Doroba<br \/>\nemail: &#x6b;&#x72;&#122;&#121;s&#x7a;&#x74;&#x6f;&#102;&#46;d&#x6f;&#x72;&#111;&#98;a&#x40;&#x66;&#x75;&#119;&#46;e&#x64;&#x75;&#46;&#112;l<\/td>\n<\/tr>\n<tr class=\"row-7 odd\">\n\t<td class=\"column-1\">9<\/td><td class=\"column-2\"><a href=\"http:\/\/hep.fuw.edu.pl\/index.php\/cwiczenie-009\/\">Testy gazowych licznik\u00f3w proporcjonalnych dla studenckiego obserwatorium promieniowania kosmicznego<\/a><\/td><td class=\"column-3\">dr hab. Grzegorz Grzelak<br \/>\nemail: &#x67;&#x72;&#x7a;&#x65;&#108;&#97;&#107;&#64;fuw&#x2e;&#x65;&#x64;&#x75;&#x2e;&#112;&#108;<\/td>\n<\/tr>\n<tr class=\"row-8 even\">\n\t<td class=\"column-1\">11<\/td><td class=\"column-2\"><a href=\"http:\/\/hep.fuw.edu.pl\/index.php\/cwiczenie-011\/\">Analiza sygna\u0142u radiowego i poszukiwanie przypadk\u00f3w w danych z eksperymentu GRAND, badaj\u0105cego promieniowanie kosmiczne najwy\u017cszych energii<\/a><\/td><td class=\"column-3\">Lech Wiktor Piotrowski<br \/>\nemail: &#x4c;&#x65;&#x63;&#x68;&#x2d;&#x57;&#x69;&#x6b;&#x74;&#x6f;&#x72;&#x2e;&#x50;&#x69;&#111;&#116;&#114;&#111;&#119;&#115;&#107;&#105;&#64;&#102;&#117;w&#46;edu&#46;pl<br \/>\n<\/td>\n<\/tr>\n<tr class=\"row-9 odd\">\n\t<td class=\"column-1\">12<\/td><td class=\"column-2\"><a href=\"http:\/\/hep.fuw.edu.pl\/index.php\/cwiczenie-012\/\">Parametryzacja sygna\u0142u radiowego pochodz\u0105cego od promieniowania kosmicznego najwy\u017cszych energii w eksperymencie GRAND<\/a><\/td><td class=\"column-3\">Lech Wiktor Piotrowski<br \/>\nemail: &#x4c;&#101;c&#x68;&#x2d;&#87;i&#x6b;&#x74;&#111;r&#x2e;&#80;i&#x6f;&#x74;&#114;o&#x77;&#x73;&#107;i&#x40;&#102;&#117;&#x77;&#x2e;&#101;d&#x75;&#x2e;&#112;l<br \/>\n<\/td>\n<\/tr>\n<tr class=\"row-10 even\">\n\t<td class=\"column-1\">13<\/td><td class=\"column-2\"><a href=\"http:\/\/hep.fuw.edu.pl\/index.php\/cwiczenie-013\/\">Analiza bardzo szybkich zjawisk optycznych na powierzchni i w atmosferze ziemskiej obserwowanych z orbity przez eksperyment Mini-EUSO<\/a><\/td><td class=\"column-3\">Lech Wiktor Piotrowski<br \/>\nemail: &#x4c;&#x65;&#99;h-&#x57;&#x69;&#107;&#116;o&#x72;&#x2e;&#80;&#105;o&#x74;&#x72;&#x6f;&#119;sk&#x69;&#x40;&#102;&#117;w&#x2e;&#x65;&#100;&#117;&#46;&#x70;&#x6c;<br \/>\n<\/td>\n<\/tr>\n<tr class=\"row-11 odd\">\n\t<td class=\"column-1\">14<\/td><td class=\"column-2\"><a href=\"http:\/\/hep.fuw.edu.pl\/index.php\/cwiczenie-014\/\">Poszukiwanie w danych z detektora Compact Muon Solenoid (CMS) dowodu na \u0142amanie zasady zachowania liczby leptonowej (CLFV)<\/a><\/td><td class=\"column-3\">prof. dr hab. Krzysztof Doroba<br \/>\nemail: k&#114;&#x7a;&#x79;&#x73;z&#116;&#x6f;&#x66;&#x2e;d&#111;&#x72;&#x6f;&#x62;a&#64;&#x66;&#x75;&#x77;&#46;&#101;&#x64;&#x75;&#x2e;p&#108;<\/td>\n<\/tr>\n<tr class=\"row-12 even\">\n\t<td class=\"column-1\">15<\/td><td class=\"column-2\"><a href=\"http:\/\/hep.fuw.edu.pl\/index.php\/cwiczenie-015\/\">Analiza wynik\u00f3w symulacji kalorymetru elektromagnetycznego dla eksperymentu LUXE<\/a><\/td><td class=\"column-3\">dr hab. Grzegorz Grzelak<br \/>\nemail: &#x67;&#x72;&#122;e&#x6c;&#x61;&#107;&#64;f&#x75;&#x77;&#46;&#101;d&#x75;&#x2e;&#112;l<\/td>\n<\/tr>\n<tr class=\"row-13 odd\">\n\t<td class=\"column-1\">16<\/td><td class=\"column-2\"><a href=\"http:\/\/hep.fuw.edu.pl\/index.php\/cwiczenie-016\/\">Badanie oscylacji neutrin atmosferycznych w eksperymencie Super-Kamiokande.<\/a><\/td><td class=\"column-3\">Magdalena Posiada\u0142a-Zezula<br \/>\nemail: &#x6d;&#112;o&#x73;&#105;&#97;&#x64;&#x61;&#64;f&#x75;&#119;&#46;&#x65;&#x64;&#117;&#46;&#x70;&#108;<\/td>\n<\/tr>\n<tr class=\"row-14 even\">\n\t<td class=\"column-1\">17<\/td><td class=\"column-2\"><a href=\"http:\/\/hep.fuw.edu.pl\/index.php\/cwiczenie-017\/\">Badanie oscylacji neutrin akceleratorowych w eksperymencie Tokai-to-Kamioka (T2K).<\/a><\/td><td class=\"column-3\">Magdalena Posiada\u0142a-Zezula<br \/>\nemail: &#109;&#112;&#x6f;s&#105;&#x61;&#x64;a&#64;&#x66;&#x75;w&#46;&#x65;&#x64;u&#46;&#x70;&#x6c;<\/td>\n<\/tr>\n<tr class=\"row-15 odd\">\n\t<td class=\"column-1\">18<\/td><td class=\"column-2\"><a href=\"http:\/\/hep.fuw.edu.pl\/index.php\/cwiczenie-018\/\">Badanie w danych z detektora Compact Muon Solenoid (CMS) stosunk\u00f3w produkcji rezonans\u00f3w \u03b7 , \u03c1 , \u03c9 , \u03d5 , J\/\u03c8<\/a><\/td><td class=\"column-3\">prof. dr hab. Krzysztof Doroba<br \/>\nemail: &#x6b;&#x72;&#122;y&#x73;&#x7a;&#116;of&#x2e;&#x64;&#111;r&#x6f;&#x62;&#97;&#64;f&#x75;&#x77;&#46;e&#x64;&#x75;&#46;&#112;l<\/td>\n<\/tr>\n<\/tbody>\n<\/table>\n<!-- #tablepress-6 from cache -->\n","protected":false},"excerpt":{"rendered":"<p>W ramach studi\u00f3w II stopnia specjalizacji &#8222;Fizyka Cz\u0105stek i Oddzia\u0142ywa\u0144 Fundamentalnych&#8221; kszta\u0142cenie odbywa si\u0119 tak\u017ce poprzez bezpo\u015bredni\u00a0 udzia\u0142 student\u00f3w w dzia\u0142alno\u015bci grup badawczych Zak\u0142adu. \u0106wiczenia w grupach badawczych powinny by\u0107 realizowane w ramach Specjalistycznego laboratorium fizycznego fizyki cz\u0105stek elementarnych, w przypadku student\u00f3w zainteresowanych specjalizacj\u0105 mog\u0105 by\u0107 tak\u017ce rozliczone w ramach Pracowni fizycznej II stopnia. Poni\u017csza &hellip; <\/p>\n<p class=\"link-more\"><a href=\"http:\/\/hep.fuw.edu.pl\/index.php\/studenci\/cwiczenia-w-grupach-badawczych\/\" class=\"more-link\">Czytaj dalej<span class=\"screen-reader-text\"> \u0106wiczenia w grupach badawczych<\/span><\/a><\/p>\n","protected":false},"author":4,"featured_media":0,"parent":69,"menu_order":0,"comment_status":"closed","ping_status":"closed","template":"","meta":[],"_links":{"self":[{"href":"http:\/\/hep.fuw.edu.pl\/index.php\/wp-json\/wp\/v2\/pages\/374"}],"collection":[{"href":"http:\/\/hep.fuw.edu.pl\/index.php\/wp-json\/wp\/v2\/pages"}],"about":[{"href":"http:\/\/hep.fuw.edu.pl\/index.php\/wp-json\/wp\/v2\/types\/page"}],"author":[{"embeddable":true,"href":"http:\/\/hep.fuw.edu.pl\/index.php\/wp-json\/wp\/v2\/users\/4"}],"replies":[{"embeddable":true,"href":"http:\/\/hep.fuw.edu.pl\/index.php\/wp-json\/wp\/v2\/comments?post=374"}],"version-history":[{"count":5,"href":"http:\/\/hep.fuw.edu.pl\/index.php\/wp-json\/wp\/v2\/pages\/374\/revisions"}],"predecessor-version":[{"id":1003,"href":"http:\/\/hep.fuw.edu.pl\/index.php\/wp-json\/wp\/v2\/pages\/374\/revisions\/1003"}],"up":[{"embeddable":true,"href":"http:\/\/hep.fuw.edu.pl\/index.php\/wp-json\/wp\/v2\/pages\/69"}],"wp:attachment":[{"href":"http:\/\/hep.fuw.edu.pl\/index.php\/wp-json\/wp\/v2\/media?parent=374"}],"curies":[{"name":"wp","href":"https:\/\/api.w.org\/{rel}","templated":true}]}}