{"id":389,"date":"2019-12-27T23:59:45","date_gmt":"2019-12-27T21:59:45","guid":{"rendered":"http:\/\/hep.fuw.edu.pl\/?page_id=389"},"modified":"2019-12-28T00:25:20","modified_gmt":"2019-12-27T22:25:20","slug":"cwiczenie-001","status":"publish","type":"page","link":"http:\/\/hep.fuw.edu.pl\/index.php\/cwiczenie-001\/","title":{"rendered":"\u0106wiczenia w grupach badawczych (001)"},"content":{"rendered":"<p><strong>Badanie wydajno\u015bci nowego algorytmu rekonstrukcji p\u0119du poprzecznego mion\u00f3w w uk\u0142adzie wyzwalania eksperymentu CMS.<\/strong><br \/>\n<em>opiekun: dr hab. Marcin Konecki prof. ucz., email: M&#97;&#114;&#99;&#x69;&#x6e;&#x2e;Ko&#110;&#101;&#x63;&#x6b;&#x69;&#x40;fu&#119;&#46;&#x65;&#x64;&#x75;&#x2e;p&#108;<\/em><\/p>\n<p style=\"text-align: justify;\">W latach 2014-2016 trwa\u0142y intensywne prace nad ulepszeniem wielu z podzespo\u0142\u00f3w eksperymentu CMS. Warszawska grupa eksperymentu CMS zbudowa\u0142a w tym czasie uk\u0142ad wyzwalania pierwszego poziomu, oparty o sygna\u0142y w kilku rodzaj\u00f3w kom\u00f3r mionowych. Prace s\u0105 prowadzone w zakresie programowania uk\u0142ad\u00f3w FPGA oraz rozwoju algorytm\u00f3w rekonstrukcji p\u0119du. Zadaniem osoby wykonuj\u0105cej \u0107wiczenie b\u0119dzie analiza wydajno\u015bci algorytmu. Wykonanie \u0107wiczenia wymaga znajomo\u015bci podstaw obs\u0142ugi systemu Linux, oraz programowania w j\u0119zyku C++.<\/p>\n","protected":false},"excerpt":{"rendered":"<p>Badanie wydajno\u015bci nowego algorytmu rekonstrukcji p\u0119du poprzecznego mion\u00f3w w uk\u0142adzie wyzwalania eksperymentu CMS. opiekun: dr hab. Marcin Konecki prof. ucz., email: Ma&#114;&#99;&#x69;&#x6e;&#x2e;&#x4b;on&#101;&#99;&#x6b;&#x69;&#x40;&#x66;uw&#46;&#101;&#100;&#x75;&#x2e;&#x70;&#x6c; W latach 2014-2016 trwa\u0142y intensywne prace nad ulepszeniem wielu z podzespo\u0142\u00f3w eksperymentu CMS. Warszawska grupa eksperymentu CMS zbudowa\u0142a w tym czasie uk\u0142ad wyzwalania pierwszego poziomu, oparty o sygna\u0142y w kilku rodzaj\u00f3w kom\u00f3r mionowych. &hellip; <\/p>\n<p class=\"link-more\"><a href=\"http:\/\/hep.fuw.edu.pl\/index.php\/cwiczenie-001\/\" class=\"more-link\">Czytaj dalej<span class=\"screen-reader-text\"> \u0106wiczenia w grupach badawczych (001)<\/span><\/a><\/p>\n","protected":false},"author":4,"featured_media":0,"parent":0,"menu_order":0,"comment_status":"closed","ping_status":"closed","template":"","meta":[],"_links":{"self":[{"href":"http:\/\/hep.fuw.edu.pl\/index.php\/wp-json\/wp\/v2\/pages\/389"}],"collection":[{"href":"http:\/\/hep.fuw.edu.pl\/index.php\/wp-json\/wp\/v2\/pages"}],"about":[{"href":"http:\/\/hep.fuw.edu.pl\/index.php\/wp-json\/wp\/v2\/types\/page"}],"author":[{"embeddable":true,"href":"http:\/\/hep.fuw.edu.pl\/index.php\/wp-json\/wp\/v2\/users\/4"}],"replies":[{"embeddable":true,"href":"http:\/\/hep.fuw.edu.pl\/index.php\/wp-json\/wp\/v2\/comments?post=389"}],"version-history":[{"count":3,"href":"http:\/\/hep.fuw.edu.pl\/index.php\/wp-json\/wp\/v2\/pages\/389\/revisions"}],"predecessor-version":[{"id":414,"href":"http:\/\/hep.fuw.edu.pl\/index.php\/wp-json\/wp\/v2\/pages\/389\/revisions\/414"}],"wp:attachment":[{"href":"http:\/\/hep.fuw.edu.pl\/index.php\/wp-json\/wp\/v2\/media?parent=389"}],"curies":[{"name":"wp","href":"https:\/\/api.w.org\/{rel}","templated":true}]}}