{"id":391,"date":"2019-12-28T00:01:42","date_gmt":"2019-12-27T22:01:42","guid":{"rendered":"http:\/\/hep.fuw.edu.pl\/?page_id=391"},"modified":"2020-11-03T14:01:35","modified_gmt":"2020-11-03T12:01:35","slug":"cwiczenie-002","status":"publish","type":"page","link":"http:\/\/hep.fuw.edu.pl\/index.php\/cwiczenie-002\/","title":{"rendered":"\u0106wiczenia w grupach badawczych (002)"},"content":{"rendered":"<p><strong>Jaki wp\u0142yw mog\u0105 mie\u0107 neutrina sterylne na obserwacje w eksperymentach neutrinowych?<\/strong><br \/>\n<em>opiekun: dr hab. Katarzyna Grzelak, email: K&#97;&#116;&#97;&#x72;&#x7a;&#x79;na&#46;&#71;&#x72;&#x7a;&#x65;&#x6c;ak&#64;&#102;&#x75;&#x77;&#x2e;&#x65;d&#117;&#46;&#112;&#x6c;<\/em><\/p>\n<p style=\"text-align: justify;\">Zjawisko przemian (oscylacji) neutrin: elektronowego, mionowego i taonowego jest z roku na rok coraz lepiej poznawane i wi\u0119kszo\u015b\u0107 uzyskanych wynik\u00f3w jest zgodnych z oscylacjami pomi\u0119dzy trzema zapachami neutrin. Istniej\u0105 jednak pewne wskaz\u00f3wki, mi\u0119dzy innymi wyniki eksperyment\u00f3w LSND, MiniBooNE i pomiar strumienia neutrin w eksperymentach reaktorowych, \u017ce model z trzema zapachami neutrin mo\u017ce nie by\u0107 kompletny, a uzyskane niezgodno\u015bci pomi\u0119dzy teori\u0105 o do\u015bwiadczeniem mo\u017cna wyt\u0142umaczy\u0107 istnieniem dodatkowego neutrina, cechuj\u0105cego si\u0119 niezwyk\u0142ymi w\u0142a\u015bciwo\u015bciami. Takie neutrino, nazywane sterylnym, nie oddzia\u0142ywa\u0142oby w \u017caden znany spos\u00f3b, a jego istnienie mo\u017cna by by\u0142o zaobserwowa\u0107 badaj\u0105c oscylacje neutrin. Celem \u0107wiczenia jest sprawdzenie, w jaki spos\u00f3b wprowadzenie do modelu oscylacji neutrin dodatkowego, sterylnego neutrina mo\u017ce wp\u0142yn\u0105\u0107 na prawdopodobie\u0144stwo znanych oscylacji, a wi\u0119c na procesy obserwowane w bliskich i dalekich detektorach wsp\u00f3\u0142czesnych i przysz\u0142ych eksperyment\u00f3w neutrinowych.<\/p>\n<p>&nbsp;<\/p>\n","protected":false},"excerpt":{"rendered":"<p>Jaki wp\u0142yw mog\u0105 mie\u0107 neutrina sterylne na obserwacje w eksperymentach neutrinowych? opiekun: dr hab. Katarzyna Grzelak, email: K&#97;&#x74;&#x61;r&#122;&#x79;&#x6e;a&#46;&#x47;&#x72;z&#101;&#x6c;&#x61;k&#64;&#x66;&#x75;w&#46;&#101;&#x64;&#x75;&#46;&#112;&#x6c; Zjawisko przemian (oscylacji) neutrin: elektronowego, mionowego i taonowego jest z roku na rok coraz lepiej poznawane i wi\u0119kszo\u015b\u0107 uzyskanych wynik\u00f3w jest zgodnych z oscylacjami pomi\u0119dzy trzema zapachami neutrin. Istniej\u0105 jednak pewne wskaz\u00f3wki, mi\u0119dzy innymi wyniki eksperyment\u00f3w LSND, &hellip; <\/p>\n<p class=\"link-more\"><a href=\"http:\/\/hep.fuw.edu.pl\/index.php\/cwiczenie-002\/\" class=\"more-link\">Czytaj dalej<span class=\"screen-reader-text\"> \u0106wiczenia w grupach badawczych (002)<\/span><\/a><\/p>\n","protected":false},"author":4,"featured_media":0,"parent":0,"menu_order":0,"comment_status":"closed","ping_status":"closed","template":"","meta":[],"_links":{"self":[{"href":"http:\/\/hep.fuw.edu.pl\/index.php\/wp-json\/wp\/v2\/pages\/391"}],"collection":[{"href":"http:\/\/hep.fuw.edu.pl\/index.php\/wp-json\/wp\/v2\/pages"}],"about":[{"href":"http:\/\/hep.fuw.edu.pl\/index.php\/wp-json\/wp\/v2\/types\/page"}],"author":[{"embeddable":true,"href":"http:\/\/hep.fuw.edu.pl\/index.php\/wp-json\/wp\/v2\/users\/4"}],"replies":[{"embeddable":true,"href":"http:\/\/hep.fuw.edu.pl\/index.php\/wp-json\/wp\/v2\/comments?post=391"}],"version-history":[{"count":6,"href":"http:\/\/hep.fuw.edu.pl\/index.php\/wp-json\/wp\/v2\/pages\/391\/revisions"}],"predecessor-version":[{"id":557,"href":"http:\/\/hep.fuw.edu.pl\/index.php\/wp-json\/wp\/v2\/pages\/391\/revisions\/557"}],"wp:attachment":[{"href":"http:\/\/hep.fuw.edu.pl\/index.php\/wp-json\/wp\/v2\/media?parent=391"}],"curies":[{"name":"wp","href":"https:\/\/api.w.org\/{rel}","templated":true}]}}