{"id":395,"date":"2019-12-28T00:05:06","date_gmt":"2019-12-27T22:05:06","guid":{"rendered":"http:\/\/hep.fuw.edu.pl\/?page_id=395"},"modified":"2019-12-28T00:25:45","modified_gmt":"2019-12-27T22:25:45","slug":"cwiczenie-005","status":"publish","type":"page","link":"http:\/\/hep.fuw.edu.pl\/index.php\/cwiczenie-005\/","title":{"rendered":"\u0106wiczenia w grupach badawczych (005)"},"content":{"rendered":"<p><strong>Badanie sygnatur przej\u015bcia fazowego silnie oddzia\u0142uj\u0105cej materii i ewolucji zderze\u0144 j\u0105drowych przy energiach relatywistycznych za pomoc\u0105 modeli statystycznych<\/strong><br \/>\n<em>opiekun: dr Magdalena Kuich, e-mail: m&#107;&#x75;&#x69;c&#104;&#64;&#x66;&#x75;w&#46;&#x65;&#x64;u&#46;&#112;&#x6c;<\/em><\/p>\n<p style=\"text-align: justify;\">\nWa\u017cnym zagadnieniem badawczym fizyki j\u0105drowej i fizyki cz\u0105stek elementarnych jest badanie przej\u015bcia fazowego mi\u0119dzy materi\u0105 hadronow\u0105, jak\u0105 spotykamy na co dzie\u0144, a nowym stanem skupienia silnie oddzia\u0142uj\u0105cej materii, plazm\u0105 kwarkowo-gluonow\u0105 (QGP). Eksperymenty takie jak NA61\/SHINE (SPS, CERN) i MPD (NICA, JINR) zajmuj\u0105 si\u0119 mi\u0119dzy innymi poszukiwaniem sygnatur QGP i badaniem mechanizmu jej produkcji. Zadaniem studenta b\u0119dzie badanie charakterystyk przej\u015bcia fazowego silnie oddzia\u0142uj\u0105cej materii i ewolucji zderze\u0144 j\u0105drowych za pomoc\u0105 modeli statystycznych (np. EPOS, HSD, UrQMD, HIJING, Pythia). Realizacja \u0107wiczenia wymaga znajomo\u015bci OS Linux oraz umiej\u0119tno\u015bci programowania (mile widziana znajomo\u015b\u0107 \u015brodowiska ROOT).<\/p>\n","protected":false},"excerpt":{"rendered":"<p>Badanie sygnatur przej\u015bcia fazowego silnie oddzia\u0142uj\u0105cej materii i ewolucji zderze\u0144 j\u0105drowych przy energiach relatywistycznych za pomoc\u0105 modeli statystycznych opiekun: dr Magdalena Kuich, e-mail: mk&#117;&#105;&#99;&#x68;&#x40;&#x66;&#x75;w&#46;&#101;&#100;&#117;&#x2e;&#x70;&#x6c; Wa\u017cnym zagadnieniem badawczym fizyki j\u0105drowej i fizyki cz\u0105stek elementarnych jest badanie przej\u015bcia fazowego mi\u0119dzy materi\u0105 hadronow\u0105, jak\u0105 spotykamy na co dzie\u0144, a nowym stanem skupienia silnie oddzia\u0142uj\u0105cej materii, plazm\u0105 kwarkowo-gluonow\u0105 (QGP). &hellip; <\/p>\n<p class=\"link-more\"><a href=\"http:\/\/hep.fuw.edu.pl\/index.php\/cwiczenie-005\/\" class=\"more-link\">Czytaj dalej<span class=\"screen-reader-text\"> \u0106wiczenia w grupach badawczych (005)<\/span><\/a><\/p>\n","protected":false},"author":4,"featured_media":0,"parent":0,"menu_order":0,"comment_status":"closed","ping_status":"closed","template":"","meta":[],"_links":{"self":[{"href":"http:\/\/hep.fuw.edu.pl\/index.php\/wp-json\/wp\/v2\/pages\/395"}],"collection":[{"href":"http:\/\/hep.fuw.edu.pl\/index.php\/wp-json\/wp\/v2\/pages"}],"about":[{"href":"http:\/\/hep.fuw.edu.pl\/index.php\/wp-json\/wp\/v2\/types\/page"}],"author":[{"embeddable":true,"href":"http:\/\/hep.fuw.edu.pl\/index.php\/wp-json\/wp\/v2\/users\/4"}],"replies":[{"embeddable":true,"href":"http:\/\/hep.fuw.edu.pl\/index.php\/wp-json\/wp\/v2\/comments?post=395"}],"version-history":[{"count":2,"href":"http:\/\/hep.fuw.edu.pl\/index.php\/wp-json\/wp\/v2\/pages\/395\/revisions"}],"predecessor-version":[{"id":417,"href":"http:\/\/hep.fuw.edu.pl\/index.php\/wp-json\/wp\/v2\/pages\/395\/revisions\/417"}],"wp:attachment":[{"href":"http:\/\/hep.fuw.edu.pl\/index.php\/wp-json\/wp\/v2\/media?parent=395"}],"curies":[{"name":"wp","href":"https:\/\/api.w.org\/{rel}","templated":true}]}}