{"id":397,"date":"2019-12-28T00:06:48","date_gmt":"2019-12-27T22:06:48","guid":{"rendered":"http:\/\/hep.fuw.edu.pl\/?page_id=397"},"modified":"2019-12-28T00:25:53","modified_gmt":"2019-12-27T22:25:53","slug":"cwiczenie-006","status":"publish","type":"page","link":"http:\/\/hep.fuw.edu.pl\/index.php\/cwiczenie-006\/","title":{"rendered":"\u0106wiczenia w grupach badawczych (006)"},"content":{"rendered":"<p><strong>Analiza danych zebranych przez detektor czasu przelotu w eksperymencie NA61\/SHINE w CERN.<\/strong><br \/>\n<em>opiekun: Prof. dr hab. Wojciech Dominik, email: &#100;&#x6f;&#109;&#x69;&#110;&#x69;&#107;&#x40;&#102;&#x75;&#119;&#x2e;e&#x64;u&#x2e;p&#x6c;<\/em><\/p>\n<p style=\"text-align: justify;\">W eksperymencie NA61\/SHINE pomiar czasu przelotu cz\u0105stki na\u0142adowanej dostarcza, obok informacji o stratach energii w komorach projekcji czasowej (Time Projection Chamber, TPC), wa\u017cnych informacji umo\u017cliwiaj\u0105cych identyfikacj\u0119 cz\u0105stek na\u0142adowanych produkowanych w zderzeniach ci\u0119\u017ckich jon\u00f3w. Tematem \u0107wiczenia jest analiza analogowych sygna\u0142\u00f3w zarejestrowanych przez now\u0105 elektronik\u0119 odczytow\u0105 detektora ToF b\u0119d\u0105cego cz\u0119\u015bci\u0105 uk\u0142adu detekcyjnego eksperymentu NA61\/SHINE. Do zada\u0144 studenta nale\u017ca\u0142a b\u0119dzie implementacja narz\u0119dzi umo\u017cliwiaj\u0105cych precyzyjny pomiar czasu w oparciu o zarejestrowane sygna\u0142y, a tak\u017ce wyznaczenie rozdzielczo\u015bci czasowej detektora ToF wykorzystywanego w eksperymencie.<br \/>\nRealizacja \u0107wiczenia wymaga podstawowej umiej\u0119tno\u015bci programowania (mile widziana znajomo\u015b\u0107 \u015brodowiska ROOT).<\/p>\n","protected":false},"excerpt":{"rendered":"<p>Analiza danych zebranych przez detektor czasu przelotu w eksperymencie NA61\/SHINE w CERN. opiekun: Prof. dr hab. Wojciech Dominik, email: d&#111;&#109;&#x69;&#x6e;i&#107;&#64;&#x66;&#x75;&#x77;&#46;&#101;&#100;&#x75;&#x2e;pl W eksperymencie NA61\/SHINE pomiar czasu przelotu cz\u0105stki na\u0142adowanej dostarcza, obok informacji o stratach energii w komorach projekcji czasowej (Time Projection Chamber, TPC), wa\u017cnych informacji umo\u017cliwiaj\u0105cych identyfikacj\u0119 cz\u0105stek na\u0142adowanych produkowanych w zderzeniach ci\u0119\u017ckich jon\u00f3w. Tematem \u0107wiczenia &hellip; <\/p>\n<p class=\"link-more\"><a href=\"http:\/\/hep.fuw.edu.pl\/index.php\/cwiczenie-006\/\" class=\"more-link\">Czytaj dalej<span class=\"screen-reader-text\"> \u0106wiczenia w grupach badawczych (006)<\/span><\/a><\/p>\n","protected":false},"author":4,"featured_media":0,"parent":0,"menu_order":0,"comment_status":"closed","ping_status":"closed","template":"","meta":[],"_links":{"self":[{"href":"http:\/\/hep.fuw.edu.pl\/index.php\/wp-json\/wp\/v2\/pages\/397"}],"collection":[{"href":"http:\/\/hep.fuw.edu.pl\/index.php\/wp-json\/wp\/v2\/pages"}],"about":[{"href":"http:\/\/hep.fuw.edu.pl\/index.php\/wp-json\/wp\/v2\/types\/page"}],"author":[{"embeddable":true,"href":"http:\/\/hep.fuw.edu.pl\/index.php\/wp-json\/wp\/v2\/users\/4"}],"replies":[{"embeddable":true,"href":"http:\/\/hep.fuw.edu.pl\/index.php\/wp-json\/wp\/v2\/comments?post=397"}],"version-history":[{"count":2,"href":"http:\/\/hep.fuw.edu.pl\/index.php\/wp-json\/wp\/v2\/pages\/397\/revisions"}],"predecessor-version":[{"id":418,"href":"http:\/\/hep.fuw.edu.pl\/index.php\/wp-json\/wp\/v2\/pages\/397\/revisions\/418"}],"wp:attachment":[{"href":"http:\/\/hep.fuw.edu.pl\/index.php\/wp-json\/wp\/v2\/media?parent=397"}],"curies":[{"name":"wp","href":"https:\/\/api.w.org\/{rel}","templated":true}]}}