{"id":399,"date":"2019-12-28T00:08:17","date_gmt":"2019-12-27T22:08:17","guid":{"rendered":"http:\/\/hep.fuw.edu.pl\/?page_id=399"},"modified":"2019-12-28T00:26:00","modified_gmt":"2019-12-27T22:26:00","slug":"cwiczenie-007","status":"publish","type":"page","link":"http:\/\/hep.fuw.edu.pl\/index.php\/cwiczenie-007\/","title":{"rendered":"\u0106wiczenia w grupach badawczych (007)"},"content":{"rendered":"<p><strong>Badanie charakterystyk detektor\u00f3w gazowych.<\/strong><br \/>\n<em>opiekun: dr Magdalena Kuich, e-mail: &#109;&#x6b;u&#105;&#x63;h&#x40;&#x66;&#117;&#x77;&#46;&#101;&#x64;u&#46;&#x70;&#108;<\/em><\/p>\n<p style=\"text-align: justify;\">Detektory gazowe od lat s\u0105 podstawowymi i w wielu przypadkach niezast\u0105pionymi detektorami cz\u0105stek na\u0142adowanych w wielu eksperymentach fizycznych. Tematem \u0107wiczenia jest badanie parametr\u00f3w detekcyjnych detektor\u00f3w gazowych, wykorzystuj\u0105cych nowatorskie technologie wzmocnienia gazowego (thicker-GEM) i digitalizacji sygna\u0142u (Generic Electronic System for TPCs). Podczas wykonywania \u0107wiczenia, student zapozna si\u0119 z zasadami dzia\u0142ania detektor\u00f3w gazowych oraz technologiami rozwijanymi w celu polepszenia ich charakterystyk. Realizacja \u0107wiczenia wymaga znajomo\u015bci podstawowych narz\u0119dzi analizy danych (np. ROOT, pyROOT, gnuplot).<\/p>\n","protected":false},"excerpt":{"rendered":"<p>Badanie charakterystyk detektor\u00f3w gazowych. opiekun: dr Magdalena Kuich, e-mail: &#x6d;&#107;u&#x69;&#99;&#104;&#x40;&#x66;&#117;w&#x2e;&#101;d&#x75;&#x2e;&#112;l Detektory gazowe od lat s\u0105 podstawowymi i w wielu przypadkach niezast\u0105pionymi detektorami cz\u0105stek na\u0142adowanych w wielu eksperymentach fizycznych. Tematem \u0107wiczenia jest badanie parametr\u00f3w detekcyjnych detektor\u00f3w gazowych, wykorzystuj\u0105cych nowatorskie technologie wzmocnienia gazowego (thicker-GEM) i digitalizacji sygna\u0142u (Generic Electronic System for TPCs). Podczas wykonywania \u0107wiczenia, student zapozna &hellip; <\/p>\n<p class=\"link-more\"><a href=\"http:\/\/hep.fuw.edu.pl\/index.php\/cwiczenie-007\/\" class=\"more-link\">Czytaj dalej<span class=\"screen-reader-text\"> \u0106wiczenia w grupach badawczych (007)<\/span><\/a><\/p>\n","protected":false},"author":4,"featured_media":0,"parent":0,"menu_order":0,"comment_status":"closed","ping_status":"closed","template":"","meta":[],"_links":{"self":[{"href":"http:\/\/hep.fuw.edu.pl\/index.php\/wp-json\/wp\/v2\/pages\/399"}],"collection":[{"href":"http:\/\/hep.fuw.edu.pl\/index.php\/wp-json\/wp\/v2\/pages"}],"about":[{"href":"http:\/\/hep.fuw.edu.pl\/index.php\/wp-json\/wp\/v2\/types\/page"}],"author":[{"embeddable":true,"href":"http:\/\/hep.fuw.edu.pl\/index.php\/wp-json\/wp\/v2\/users\/4"}],"replies":[{"embeddable":true,"href":"http:\/\/hep.fuw.edu.pl\/index.php\/wp-json\/wp\/v2\/comments?post=399"}],"version-history":[{"count":2,"href":"http:\/\/hep.fuw.edu.pl\/index.php\/wp-json\/wp\/v2\/pages\/399\/revisions"}],"predecessor-version":[{"id":419,"href":"http:\/\/hep.fuw.edu.pl\/index.php\/wp-json\/wp\/v2\/pages\/399\/revisions\/419"}],"wp:attachment":[{"href":"http:\/\/hep.fuw.edu.pl\/index.php\/wp-json\/wp\/v2\/media?parent=399"}],"curies":[{"name":"wp","href":"https:\/\/api.w.org\/{rel}","templated":true}]}}