{"id":403,"date":"2019-12-28T00:11:58","date_gmt":"2019-12-27T22:11:58","guid":{"rendered":"http:\/\/hep.fuw.edu.pl\/?page_id=403"},"modified":"2019-12-28T00:26:17","modified_gmt":"2019-12-27T22:26:17","slug":"cwiczenie-009","status":"publish","type":"page","link":"http:\/\/hep.fuw.edu.pl\/index.php\/cwiczenie-009\/","title":{"rendered":"\u0106wiczenia w grupach badawczych (009)"},"content":{"rendered":"<p style=\"text-align: justify;\"><strong>Testy gazowych licznik\u00f3w proporcjonalnych dla studenckiego obserwatorium promieniowania kosmicznego.<\/strong><br \/>\n<em>opiekun: dr hab. Grzegorz Grzelak, email: &#x67;&#114;&#122;e&#x6c;&#x61;&#107;&#64;&#x66;&#x75;&#119;&#46;e&#x64;&#117;&#46;p&#x6c;<\/em><\/p>\n<p style=\"text-align: justify;\">Na terenie Pracowni Fizycznej dla Zaawansowanych powstaje detektor promieniowania<br \/>\nkosmicznego, kt\u00f3ry b\u0119dzie wykorzystywa\u0107 150 aluminiowych kom\u00f3r proporcjonalnych rejestruj\u0105cych trajektorie cz\u0105stek na\u0142adowanych powstaj\u0105cych w wyniku oddzia\u0142ywania pierwotnego promieniowania kosmicznego w g\u00f3rnych warstwach atmosfery. Komory wykorzystywane w tym projekcie s\u0142u\u017cy\u0142y poprzednio w eksperymencie ZEUS przy akceleratorze HERA w o\u015brodku DESY w Hamburgu. W celu wyselekcjonowania<br \/>\nnajlepszych licznik\u00f3w przygotowano stanowisko diagnostyczne do sprawdzania szczelno\u015bci kom\u00f3r a nast\u0119pnie po nape\u0142nieniu ich mieszank\u0105 argonu i dwutlenku w\u0119gla do badania charakterystyk pr\u0105dowo-napi\u0119ciowych i jednorodno\u015bci odpowiedzi kom\u00f3r w odczycie anodowym i katodowym za pomoc\u0105 mion\u00f3w z promieniowania kosmicznego. \u0106wiczenie to stwarza znakomite mo\u017cliwo\u015bci do zapoznania si\u0119 z aparatur\u0105 pomiarow\u0105 fizyki cz\u0105stek elementarnych, w szczeg\u00f3lno\u015bci technik\u0105 detekcji cz\u0105stek na\u0142adowanych w detektorach gazowych.<\/p>\n","protected":false},"excerpt":{"rendered":"<p>Testy gazowych licznik\u00f3w proporcjonalnych dla studenckiego obserwatorium promieniowania kosmicznego. opiekun: dr hab. Grzegorz Grzelak, email: grzelak&#64;&#102;&#117;&#119;&#46;&#101;&#100;&#117;&#46;&#112;&#108; Na terenie Pracowni Fizycznej dla Zaawansowanych powstaje detektor promieniowania kosmicznego, kt\u00f3ry b\u0119dzie wykorzystywa\u0107 150 aluminiowych kom\u00f3r proporcjonalnych rejestruj\u0105cych trajektorie cz\u0105stek na\u0142adowanych powstaj\u0105cych w wyniku oddzia\u0142ywania pierwotnego promieniowania kosmicznego w g\u00f3rnych warstwach atmosfery. Komory wykorzystywane w tym projekcie s\u0142u\u017cy\u0142y poprzednio &hellip; <\/p>\n<p class=\"link-more\"><a href=\"http:\/\/hep.fuw.edu.pl\/index.php\/cwiczenie-009\/\" class=\"more-link\">Czytaj dalej<span class=\"screen-reader-text\"> \u0106wiczenia w grupach badawczych (009)<\/span><\/a><\/p>\n","protected":false},"author":4,"featured_media":0,"parent":0,"menu_order":0,"comment_status":"closed","ping_status":"closed","template":"","meta":[],"_links":{"self":[{"href":"http:\/\/hep.fuw.edu.pl\/index.php\/wp-json\/wp\/v2\/pages\/403"}],"collection":[{"href":"http:\/\/hep.fuw.edu.pl\/index.php\/wp-json\/wp\/v2\/pages"}],"about":[{"href":"http:\/\/hep.fuw.edu.pl\/index.php\/wp-json\/wp\/v2\/types\/page"}],"author":[{"embeddable":true,"href":"http:\/\/hep.fuw.edu.pl\/index.php\/wp-json\/wp\/v2\/users\/4"}],"replies":[{"embeddable":true,"href":"http:\/\/hep.fuw.edu.pl\/index.php\/wp-json\/wp\/v2\/comments?post=403"}],"version-history":[{"count":3,"href":"http:\/\/hep.fuw.edu.pl\/index.php\/wp-json\/wp\/v2\/pages\/403\/revisions"}],"predecessor-version":[{"id":421,"href":"http:\/\/hep.fuw.edu.pl\/index.php\/wp-json\/wp\/v2\/pages\/403\/revisions\/421"}],"wp:attachment":[{"href":"http:\/\/hep.fuw.edu.pl\/index.php\/wp-json\/wp\/v2\/media?parent=403"}],"curies":[{"name":"wp","href":"https:\/\/api.w.org\/{rel}","templated":true}]}}