{"id":406,"date":"2019-12-28T00:13:40","date_gmt":"2019-12-27T22:13:40","guid":{"rendered":"http:\/\/hep.fuw.edu.pl\/?page_id=406"},"modified":"2021-10-28T17:00:55","modified_gmt":"2021-10-28T15:00:55","slug":"cwiczenie-010","status":"publish","type":"page","link":"http:\/\/hep.fuw.edu.pl\/index.php\/cwiczenie-010\/","title":{"rendered":"\u0106wiczenia w grupach badawczych (010)"},"content":{"rendered":"<p><strong>Badanie oddzia\u0142ywa\u0144 neutrin i antyneutrin w w najwi\u0119kszym na \u015bwiecie wodnym detektorze Super-Kamiokande.<\/strong><br \/>\n<em>opiekun: dr Magdalena Posiada\u0142a-Zezula, email: &#x6d;&#x70;&#111;&#115;&#105;a&#x64;&#x61;&#x40;&#102;&#117;w&#46;&#x65;&#x64;&#x75;&#46;&#112;l<\/em><\/p>\n<p style=\"text-align: justify;\">Super-Kamiokande to najs\u0142ynniejszy i najwi\u0119kszy na \u015bwiecie wodny detektor Czerenkowa. Jest on zlokalizowany w kopalni Kamioka umieszczonej 1km pod szczytem g\u00f3ry, w japo\u0144skiej prefekturze Gifu. Detektor wykorzystywany jest w mi\u0119dzynarodowym projekcie badawczym Tokai-2-Kamioka (T2K), jako miejsce gdzie badane s\u0105 oscylacje neutrin oraz antyneutrin, wyprodukowanych w laboratorium J-PARC, w Tokai. Super-Kamiokande jest r\u00f3wnie\u017c potrzebny do badania oscylacji neutrin wyprodukowanych przez natur\u0119, takich jak np. : neutrina atmosferyczne, s\u0142oneczne czy powstaj\u0105ce w wyniku wybuchu Supernowej.<br \/>\nCelem \u0107wiczenia jest analiza danych pochodz\u0105cych z detektora Super-Kamiokande, studia selekcji przypadk\u00f3w oddzia\u0142ywa\u0144 neutrin lub\/i antyneutrin z wi\u0105zki wyprodukowanej w eksperymencie Tokai-2-Kamioka (T2K) . W \u0107wiczeniu student b\u0119dzie mia\u0142 wprowadzenie do pracy z du\u017cymi zbiorami danych u\u017cywanymi w fizyce cz\u0105stek elementarnych. Do realizacji \u0107wiczenia kluczowe b\u0119dzie zaznajomienie si\u0119 z wyspecjalizowanym \u015brodowiskiem do analizy danych jakim jest pakiet ROOT. Dobrze widziana znajomo\u015b\u0107 j\u0119zyka C\/C++.<\/p>\n","protected":false},"excerpt":{"rendered":"<p>Badanie oddzia\u0142ywa\u0144 neutrin i antyneutrin w w najwi\u0119kszym na \u015bwiecie wodnym detektorze Super-Kamiokande. opiekun: dr Magdalena Posiada\u0142a-Zezula, email: m&#112;&#x6f;&#x73;i&#97;&#100;&#x61;&#x40;f&#117;&#x77;&#x2e;e&#100;&#117;&#x2e;&#x70;l Super-Kamiokande to najs\u0142ynniejszy i najwi\u0119kszy na \u015bwiecie wodny detektor Czerenkowa. Jest on zlokalizowany w kopalni Kamioka umieszczonej 1km pod szczytem g\u00f3ry, w japo\u0144skiej prefekturze Gifu. Detektor wykorzystywany jest w mi\u0119dzynarodowym projekcie badawczym Tokai-2-Kamioka (T2K), jako miejsce &hellip; <\/p>\n<p class=\"link-more\"><a href=\"http:\/\/hep.fuw.edu.pl\/index.php\/cwiczenie-010\/\" class=\"more-link\">Czytaj dalej<span class=\"screen-reader-text\"> \u0106wiczenia w grupach badawczych (010)<\/span><\/a><\/p>\n","protected":false},"author":4,"featured_media":0,"parent":0,"menu_order":0,"comment_status":"closed","ping_status":"closed","template":"","meta":[],"_links":{"self":[{"href":"http:\/\/hep.fuw.edu.pl\/index.php\/wp-json\/wp\/v2\/pages\/406"}],"collection":[{"href":"http:\/\/hep.fuw.edu.pl\/index.php\/wp-json\/wp\/v2\/pages"}],"about":[{"href":"http:\/\/hep.fuw.edu.pl\/index.php\/wp-json\/wp\/v2\/types\/page"}],"author":[{"embeddable":true,"href":"http:\/\/hep.fuw.edu.pl\/index.php\/wp-json\/wp\/v2\/users\/4"}],"replies":[{"embeddable":true,"href":"http:\/\/hep.fuw.edu.pl\/index.php\/wp-json\/wp\/v2\/comments?post=406"}],"version-history":[{"count":4,"href":"http:\/\/hep.fuw.edu.pl\/index.php\/wp-json\/wp\/v2\/pages\/406\/revisions"}],"predecessor-version":[{"id":680,"href":"http:\/\/hep.fuw.edu.pl\/index.php\/wp-json\/wp\/v2\/pages\/406\/revisions\/680"}],"wp:attachment":[{"href":"http:\/\/hep.fuw.edu.pl\/index.php\/wp-json\/wp\/v2\/media?parent=406"}],"curies":[{"name":"wp","href":"https:\/\/api.w.org\/{rel}","templated":true}]}}