{"id":423,"date":"2019-12-28T11:09:22","date_gmt":"2019-12-28T09:09:22","guid":{"rendered":"http:\/\/hep.fuw.edu.pl\/?page_id=423"},"modified":"2019-12-28T11:39:41","modified_gmt":"2019-12-28T09:39:41","slug":"pracownia-fizyczna-dla-zaawansowanych","status":"publish","type":"page","link":"http:\/\/hep.fuw.edu.pl\/index.php\/studenci\/pracownia-fizyczna-dla-zaawansowanych\/","title":{"rendered":"Pracownia fizyczna dla zaawansowanych"},"content":{"rendered":"<p>Poni\u017cej zamieszczone s\u0105 dodatkowe materia\u0142y do \u0107wicze\u0144 z fizyki cz\u0105stek na Pracowni Fizycznej dla zaawansowanych. Og\u00f3lne informacje dotycz\u0105ce zasad wykonywania \u0107wicze\u0144 znajduj\u0105 si\u0119 na <a href=\"https:\/\/www.fuw.edu.pl\/IIPRACOWNIA\/home\/home.html\">stronie pracowni<\/a>.<\/p>\n<ul>\n<li style=\"margin-bottom: 0.2in;\">P1 &#8211; Obserwacja promieniowania kosmicznego za pomoc\u0105 licznik\u00f3w proporcjonalnych kalorymetru BAC: <a href=\"https:\/\/www.fuw.edu.pl\/IIPRACOWNIA\/home\/Opisy-cwiczen\/P1_2016_10_07.pdf\">instrukcja<\/a>, <a href=\"http:\/\/hep.fuw.edu.pl\/wp-content\/uploads\/2017\/08\/Irena_Kopka_1100-LIC-FZ-MKF-48817.pdf\">opis szczeg\u00f3\u0142owy<\/a><\/li>\n<li style=\"margin-bottom: 0.2in;\">P2 &#8211; Wyznaczanie pr\u0119dko\u015bci dryfu elektron\u00f3w w gazach: <a href=\"https:\/\/www.fuw.edu.pl\/IIPRACOWNIA\/home\/Opisy-cwiczen\/P2_2017.pdf\">instrukcja<\/a>, <a href=\"http:\/\/hep.fuw.edu.pl\/II_Pracownia\/P2\/HTML\/menu.htm\">strona WWW<\/a><\/li>\n<li style=\"margin-bottom: 0.2in;\">P3 &#8211; Pomiar czasu \u017cycia mion\u00f3w w strumieniu promieniowania kosmicznego: <a href=\"https:\/\/www.fuw.edu.pl\/IIPRACOWNIA\/home\/Opisy-cwiczen\/P3_2017.pdf\">instrukcja<\/a>, <a href=\"http:\/\/hep.fuw.edu.pl\/II_Pracownia\/P3\/HTML\/index.htm\">strona WWW<\/a><\/li>\n<li style=\"margin-bottom: 0.2in;\">P4 &#8211; Badanie produkcji i rozpadu bozonu Z0 w oddzia\u0142ywaniach e+e- przy wysokich energiach: <a href=\"https:\/\/www.fuw.edu.pl\/IIPRACOWNIA\/home\/Opisy-cwiczen\/P4_2017.pdf\">instrukcja<\/a>, <a href=\"http:\/\/hep.fuw.edu.pl\/II_Pracownia\/P4\/HTML\/index.htm\">stara strona WWW<\/a> (do poprzedniej wersji \u0107wiczenia)<\/li>\n<li style=\"margin-bottom: 0.2in;\">P8 &#8211; Wyznaczania strumienia promieniowania kosmicznego: <a href=\"https:\/\/www.fuw.edu.pl\/IIPRACOWNIA\/home\/Opisy-cwiczen\/P8.pdf\">instrukcja<\/a>, <a href=\"http:\/\/hep.fuw.edu.pl\/wp-content\/uploads\/2017\/08\/P8_RN_all.pdf\">opis rozszerzony<\/a><\/li>\n<\/ul>\n<p>&nbsp;<\/p>\n","protected":false},"excerpt":{"rendered":"<p>Poni\u017cej zamieszczone s\u0105 dodatkowe materia\u0142y do \u0107wicze\u0144 z fizyki cz\u0105stek na Pracowni Fizycznej dla zaawansowanych. Og\u00f3lne informacje dotycz\u0105ce zasad wykonywania \u0107wicze\u0144 znajduj\u0105 si\u0119 na stronie pracowni. P1 &#8211; Obserwacja promieniowania kosmicznego za pomoc\u0105 licznik\u00f3w proporcjonalnych kalorymetru BAC: instrukcja, opis szczeg\u00f3\u0142owy P2 &#8211; Wyznaczanie pr\u0119dko\u015bci dryfu elektron\u00f3w w gazach: instrukcja, strona WWW P3 &#8211; Pomiar czasu &hellip; <\/p>\n<p class=\"link-more\"><a href=\"http:\/\/hep.fuw.edu.pl\/index.php\/studenci\/pracownia-fizyczna-dla-zaawansowanych\/\" class=\"more-link\">Czytaj dalej<span class=\"screen-reader-text\"> Pracownia fizyczna dla zaawansowanych<\/span><\/a><\/p>\n","protected":false},"author":4,"featured_media":0,"parent":69,"menu_order":0,"comment_status":"closed","ping_status":"closed","template":"","meta":[],"_links":{"self":[{"href":"http:\/\/hep.fuw.edu.pl\/index.php\/wp-json\/wp\/v2\/pages\/423"}],"collection":[{"href":"http:\/\/hep.fuw.edu.pl\/index.php\/wp-json\/wp\/v2\/pages"}],"about":[{"href":"http:\/\/hep.fuw.edu.pl\/index.php\/wp-json\/wp\/v2\/types\/page"}],"author":[{"embeddable":true,"href":"http:\/\/hep.fuw.edu.pl\/index.php\/wp-json\/wp\/v2\/users\/4"}],"replies":[{"embeddable":true,"href":"http:\/\/hep.fuw.edu.pl\/index.php\/wp-json\/wp\/v2\/comments?post=423"}],"version-history":[{"count":8,"href":"http:\/\/hep.fuw.edu.pl\/index.php\/wp-json\/wp\/v2\/pages\/423\/revisions"}],"predecessor-version":[{"id":434,"href":"http:\/\/hep.fuw.edu.pl\/index.php\/wp-json\/wp\/v2\/pages\/423\/revisions\/434"}],"up":[{"embeddable":true,"href":"http:\/\/hep.fuw.edu.pl\/index.php\/wp-json\/wp\/v2\/pages\/69"}],"wp:attachment":[{"href":"http:\/\/hep.fuw.edu.pl\/index.php\/wp-json\/wp\/v2\/media?parent=423"}],"curies":[{"name":"wp","href":"https:\/\/api.w.org\/{rel}","templated":true}]}}