{"id":436,"date":"2019-12-28T11:24:27","date_gmt":"2019-12-28T09:24:27","guid":{"rendered":"http:\/\/hep.fuw.edu.pl\/?page_id=436"},"modified":"2023-11-11T20:05:40","modified_gmt":"2023-11-11T18:05:40","slug":"informacje-dla-kandydatow","status":"publish","type":"page","link":"http:\/\/hep.fuw.edu.pl\/index.php\/studenci\/informacje-dla-kandydatow\/","title":{"rendered":"Informacje dla kandydat\u00f3w"},"content":{"rendered":"<p>Studenci studi\u00f3w drugiego stopnia powinni z\u0142o\u017cy\u0107 deklaracj\u0119 wyboru specjalno\u015bci do ko\u0144ca pierwszego semetru. Kszta\u0142cenie w ramach fizyki cz\u0105stek i oddzia\u0142ywa\u0144 fundamentalnych realizowane jest w ramach po\u0142\u0105czonej specjalno\u015bci &#8222;Fizyka j\u0105drowa i cz\u0105stek elementarnych&#8221;. Wi\u0119cej informacji o zasadach kszta\u0142cenia na Wydziale fizyki mo\u017cna znale\u017a\u0107 na <a href=\"https:\/\/www.fuw.edu.pl\/informator-II-20232024.html\" target=\"_blank\" rel=\"noopener\">stronie Wydzia\u0142u<\/a>.<\/p>\n<p>Wi\u0119cej informacji o naszych wymaganiach znajdziesz w zak\u0142adce <a href=\"http:\/\/hep.fuw.edu.pl\/index.php\/studenci\/program-specjalizacji\/\">Program Specjalizacji<\/a>.<\/p>\n<p class=\"subtitle\">Literatura wprowadzaj\u0105ca do fizyki cz\u0105stek elementarnych<\/p>\n<p><u>Literatura po polsku<\/u><\/p>\n<ul>\n<li>Donald H. Perkins, Wst\u0119p do fizyki wysokich energii, PWN 2004 &#8211; podr\u0119cznik akademicki (4 rok)<\/li>\n<li>Grzegorz Bia\u0142kowski, Stare i nowe drogi fizyki: Fizyka dnia dzisiejszego, Wiedza Powszechna, 1985 &#8211; popularnonaukowa, rys historyczny<\/li>\n<li>Frank Close, Kosmiczna Cebula &#8211; kwarki i wszech\u015bwiat, PWN 1989 &#8211; popularnonaukowa<\/li>\n<li>Frank Close, Zagadka Niesko\u0144czono\u015bci, 2013, Pruszy\u0144ski Media &#8211; popolarnonaukowa<\/li>\n<\/ul>\n<p><u>Artyku\u0142y popularnonaukowe<\/u><\/p>\n<ul>\n<li>Cz\u0105stki w internecie po polsku<\/li>\n<li>Europejskie Laboratorium Fizyki Cz\u0105stek CERN<\/li>\n<li>Przygoda z cz\u0105stkami. ( Bogatsza wersja angielska The particle adventure)<\/li>\n<li>Fizyka cz\u0105stek w pigu\u0142ce &#8211; ceg\u0142y i cement natury<\/li>\n<\/ul>\n<p><u>Literatura po angielsku<\/u><\/p>\n<ul>\n<li>David Griffiths, Introduction to Elementary Particles, 2008 &#8211; podr\u0119cznik akademicki (4,5 rok)<\/li>\n<li>W.S.C. Williams, Nuclear and Particle Physics, 1991 &#8211; podr\u0119cznik akademicki (4,5 rok)<\/li>\n<li>Francis Halzen, Alan D. Martin, Quarks and leptons : an introductory course in modern particle physics, 1984 &#8211; podr\u0119cznik akademicki (4,5 rok)<\/li>\n<li>B.R. Martin, Nuclear and Paricle Physics, an introduction , second edition, 2009 John Wiley &amp; Sons Ltd , podr\u0119cznik akademicki 3-5 rok<\/li>\n<li>B.R. Martin and G.Shaw, Particle Physics, third edition, 2008, John Willey &amp; Sons Ltd., podr\u0119cznik akademicki 3-5 rok<\/li>\n<li>Mark Thomson , Modern Particle Physics, 2013 Cambridge University Press<\/li>\n<\/ul>\n","protected":false},"excerpt":{"rendered":"<p>Studenci studi\u00f3w drugiego stopnia powinni z\u0142o\u017cy\u0107 deklaracj\u0119 wyboru specjalno\u015bci do ko\u0144ca pierwszego semetru. Kszta\u0142cenie w ramach fizyki cz\u0105stek i oddzia\u0142ywa\u0144 fundamentalnych realizowane jest w ramach po\u0142\u0105czonej specjalno\u015bci &#8222;Fizyka j\u0105drowa i cz\u0105stek elementarnych&#8221;. Wi\u0119cej informacji o zasadach kszta\u0142cenia na Wydziale fizyki mo\u017cna znale\u017a\u0107 na stronie Wydzia\u0142u. Wi\u0119cej informacji o naszych wymaganiach znajdziesz w zak\u0142adce Program Specjalizacji. &hellip; <\/p>\n<p class=\"link-more\"><a href=\"http:\/\/hep.fuw.edu.pl\/index.php\/studenci\/informacje-dla-kandydatow\/\" class=\"more-link\">Czytaj dalej<span class=\"screen-reader-text\"> Informacje dla kandydat\u00f3w<\/span><\/a><\/p>\n","protected":false},"author":4,"featured_media":0,"parent":69,"menu_order":0,"comment_status":"closed","ping_status":"closed","template":"","meta":[],"_links":{"self":[{"href":"http:\/\/hep.fuw.edu.pl\/index.php\/wp-json\/wp\/v2\/pages\/436"}],"collection":[{"href":"http:\/\/hep.fuw.edu.pl\/index.php\/wp-json\/wp\/v2\/pages"}],"about":[{"href":"http:\/\/hep.fuw.edu.pl\/index.php\/wp-json\/wp\/v2\/types\/page"}],"author":[{"embeddable":true,"href":"http:\/\/hep.fuw.edu.pl\/index.php\/wp-json\/wp\/v2\/users\/4"}],"replies":[{"embeddable":true,"href":"http:\/\/hep.fuw.edu.pl\/index.php\/wp-json\/wp\/v2\/comments?post=436"}],"version-history":[{"count":6,"href":"http:\/\/hep.fuw.edu.pl\/index.php\/wp-json\/wp\/v2\/pages\/436\/revisions"}],"predecessor-version":[{"id":1071,"href":"http:\/\/hep.fuw.edu.pl\/index.php\/wp-json\/wp\/v2\/pages\/436\/revisions\/1071"}],"up":[{"embeddable":true,"href":"http:\/\/hep.fuw.edu.pl\/index.php\/wp-json\/wp\/v2\/pages\/69"}],"wp:attachment":[{"href":"http:\/\/hep.fuw.edu.pl\/index.php\/wp-json\/wp\/v2\/media?parent=436"}],"curies":[{"name":"wp","href":"https:\/\/api.w.org\/{rel}","templated":true}]}}