{"id":444,"date":"2019-12-28T11:38:41","date_gmt":"2019-12-28T09:38:41","guid":{"rendered":"http:\/\/hep.fuw.edu.pl\/?page_id=444"},"modified":"2021-10-07T10:56:01","modified_gmt":"2021-10-07T08:56:01","slug":"program-specjalizacji","status":"publish","type":"page","link":"http:\/\/hep.fuw.edu.pl\/index.php\/studenci\/program-specjalizacji\/","title":{"rendered":"Program specjalizacji"},"content":{"rendered":"<p>Od student\u00f3w II stopnia specjalno\u015bci fizyka j\u0105drowa i cz\u0105stek elementarnych wybieraj\u0105cych tematyk\u0119 fizyki cz\u0105stek elementarnych oczekujemy, niezale\u017cnie od og\u00f3lnych wymaga\u0144 uj\u0119tych w programie studi\u00f3w, zaliczenia nast\u0119puj\u0105cych przedmiot\u00f3w:<\/p>\n<ol>\n<li>Wyk\u0142adu specjalizacyjnego:<br \/>\n<ul>\n<li><span class=\"wrtext\"><a tabindex=\"0\" href=\"https:\/\/usosweb.fuw.edu.pl\/kontroler.php?_action=katalog2\/przedmioty\/pokazPrzedmiot&amp;prz_kod=1101-4FJ11&amp;callback=g_e0b3c6cb\">Wst\u0119p do fizyki cz\u0105stek elementarnych I<\/a><\/span> \u00a0 <br \/>lub<\/li>\n<li><span class=\"wrtext\"><a tabindex=\"0\" href=\"https:\/\/usosweb.fuw.edu.pl\/kontroler.php?_action=katalog2\/przedmioty\/pokazPrzedmiot&amp;prz_kod=1100-4MEPP&amp;callback=g_e0b3c6cb\">Modern Experimental Particle Physics<\/a>\u00a0<br \/>w semestrze zimowym <br \/><br \/>oraz<\/span><\/li>\n<li><span class=\"wrtext\"><a tabindex=\"0\" href=\"https:\/\/usosweb.fuw.edu.pl\/kontroler.php?_action=katalog2\/przedmioty\/pokazPrzedmiot&amp;prz_kod=1101-4FJ21&amp;callback=g_e0b3c6cb\">Wst\u0119p do fizyki cz\u0105stek elementarnych II<\/a><\/span><br \/>lub<\/li>\n<li><span class=\"wrtext\"><a tabindex=\"0\" href=\"https:\/\/usosweb.fuw.edu.pl\/kontroler.php?_action=katalog2\/przedmioty\/pokazPrzedmiot&amp;prz_kod=1100-4MPPE&amp;callback=g_e0b3c6cb\">Modern Particle Physics Experiments<\/a>\u00a0<br \/>w semestrze letnim.<\/span><br \/>\u00a0\u00a0<\/li>\n<\/ul>\n<\/li>\n<li>\u0106wicze\u0144 w grupach badawczych (przed wyborem tematyki pracy magisterskiej):\n<ul>\n<li>jednego \u0107wiczenia w semestrze zimowym, <br \/>w ramach przedmiotu <span class=\"wrtext\"><a tabindex=\"0\" href=\"https:\/\/usosweb.fuw.edu.pl\/kontroler.php?_action=katalog2\/przedmioty\/pokazPrzedmiot&amp;prz_kod=1101-4FJ13&amp;callback=g_e0b3c6cb\">Specjalistyczne laboratorium fizyczne I fizyki cz\u0105stek elementarnych<\/a><\/span><\/li>\n<li>jednego \u0107wiczenia w semestrze letnim,<br \/>w ramach przemiotu <span class=\"wrtext\"><a tabindex=\"0\" href=\"https:\/\/usosweb.fuw.edu.pl\/kontroler.php?_action=katalog2\/przedmioty\/pokazPrzedmiot&amp;prz_kod=1101-4FJ25&amp;callback=g_e0b3c6cb\">Specjalistyczne laboratorium fizyczne II fizyki cz\u0105stek elementarnych<\/a><br \/>lista temat\u00f3w dost\u0119pna jest w zak\u0142adce <a href=\"http:\/\/hep.fuw.edu.pl\/index.php\/studenci\/cwiczenia-w-grupach-badawczych\/\">\u0106wiczenia w grupach badawczych<\/a><br \/>\u00a0\u00a0 <\/span><\/li>\n<\/ul>\n<\/li>\n<li><span class=\"wrtext\">Przynajmniej dw\u00f3ch semestr\u00f3w <a tabindex=\"0\" href=\"https:\/\/usosweb.fuw.edu.pl\/kontroler.php?_action=katalog2\/przedmioty\/pokazPrzedmiot&amp;prz_kod=1101-5sFWE&amp;callback=g_e0b3c6cb\">Seminarium &#8222;Fizyka wysokich energii\u201d\u00a0<\/a><\/span><\/li>\n<\/ol>\n<p>\u00a0<\/p>\n\n\n<p><\/p>\n","protected":false},"excerpt":{"rendered":"<p>Od student\u00f3w II stopnia specjalno\u015bci fizyka j\u0105drowa i cz\u0105stek elementarnych wybieraj\u0105cych tematyk\u0119 fizyki cz\u0105stek elementarnych oczekujemy, niezale\u017cnie od og\u00f3lnych wymaga\u0144 uj\u0119tych w programie studi\u00f3w, zaliczenia nast\u0119puj\u0105cych przedmiot\u00f3w: Wyk\u0142adu specjalizacyjnego: Wst\u0119p do fizyki cz\u0105stek elementarnych I \u00a0 lub Modern Experimental Particle Physics\u00a0w semestrze zimowym oraz Wst\u0119p do fizyki cz\u0105stek elementarnych IIlub Modern Particle Physics Experiments\u00a0w semestrze &hellip; <\/p>\n<p class=\"link-more\"><a href=\"http:\/\/hep.fuw.edu.pl\/index.php\/studenci\/program-specjalizacji\/\" class=\"more-link\">Czytaj dalej<span class=\"screen-reader-text\"> Program specjalizacji<\/span><\/a><\/p>\n","protected":false},"author":4,"featured_media":0,"parent":69,"menu_order":0,"comment_status":"closed","ping_status":"closed","template":"","meta":[],"_links":{"self":[{"href":"http:\/\/hep.fuw.edu.pl\/index.php\/wp-json\/wp\/v2\/pages\/444"}],"collection":[{"href":"http:\/\/hep.fuw.edu.pl\/index.php\/wp-json\/wp\/v2\/pages"}],"about":[{"href":"http:\/\/hep.fuw.edu.pl\/index.php\/wp-json\/wp\/v2\/types\/page"}],"author":[{"embeddable":true,"href":"http:\/\/hep.fuw.edu.pl\/index.php\/wp-json\/wp\/v2\/users\/4"}],"replies":[{"embeddable":true,"href":"http:\/\/hep.fuw.edu.pl\/index.php\/wp-json\/wp\/v2\/comments?post=444"}],"version-history":[{"count":10,"href":"http:\/\/hep.fuw.edu.pl\/index.php\/wp-json\/wp\/v2\/pages\/444\/revisions"}],"predecessor-version":[{"id":647,"href":"http:\/\/hep.fuw.edu.pl\/index.php\/wp-json\/wp\/v2\/pages\/444\/revisions\/647"}],"up":[{"embeddable":true,"href":"http:\/\/hep.fuw.edu.pl\/index.php\/wp-json\/wp\/v2\/pages\/69"}],"wp:attachment":[{"href":"http:\/\/hep.fuw.edu.pl\/index.php\/wp-json\/wp\/v2\/media?parent=444"}],"curies":[{"name":"wp","href":"https:\/\/api.w.org\/{rel}","templated":true}]}}