{"id":498,"date":"2020-01-30T17:36:26","date_gmt":"2020-01-30T15:36:26","guid":{"rendered":"http:\/\/hep.fuw.edu.pl\/?page_id=498"},"modified":"2020-01-30T22:33:48","modified_gmt":"2020-01-30T20:33:48","slug":"eksperyment-mpd-przy-akceleratorze-nica","status":"publish","type":"page","link":"http:\/\/hep.fuw.edu.pl\/index.php\/badania\/eksperyment-mpd-przy-akceleratorze-nica\/","title":{"rendered":"Eksperyment MPD przy akceleratorze NICA"},"content":{"rendered":"<p><strong>Eksperyment MPD przy akceleratorze NICA<\/strong><\/p>\n<p>Mutli-Purpose Detector jest budowany przy obecnie powstaj\u0105cym zderzaczu ci\u0119\u017ckich jon\u00f3w NICA w Zjednoczonym Instytucie Bada\u0144 J\u0105drowych w Dubnej (Rosja). Uruchomienie uk\u0142adu detekcyjnego MPD jest planowane ju\u017c w po\u0142owie 2021 roku, a pierwsze dane fizyczne zderze\u0144 ci\u0119\u017ckich jon\u00f3w b\u0119d\u0105 zbierane na pocz\u0105teku 2023 roku. Eksperyment MPD b\u0119dzie bada\u0142 zderzenia ci\u0119\u017ckich jon\u00f3w przy energiach relatywistycznych, co pozwoli osi\u0105ga\u0107 najwi\u0119ksz\u0105 g\u0119sto\u015b\u0107 materii barionowej (kilkakrotnie wi\u0119ksz\u0105 ni\u017c przy LHC) podczas reakcji j\u0105drowej i bada\u0107 zjawiska zwi\u0105zane z transformacj\u0105 materii mi\u0119dzy stanem j\u0105drowym (zwi\u0105zanym) a plazm\u0105 kwarkowo-gluonow\u0105.<\/p>\n<p>Grupa badawcza z Instytutu Fizyki Do\u015bwiadczalnej aktywnie uczestniczy we wsp\u00f3\u0142pracy MPD, wsp\u00f3\u0142tworz\u0105c uk\u0142ad detekcyjny, a tak\u017ce narz\u0119dzia do kalibracji i analizy danych<br \/>\neksperymentalnych. Udzia\u0142 zespo\u0142u IFD w projekcie MPD umo\u017cliwia studentom Wydzia\u0142u Fizyki odbywanie sta\u017cy i praktyk w ramach projekt\u00f3w MPD, BM@N i NICA w ZIBJ w Dubnej.<\/p>\n<blockquote data-secret=\"ezXVlsdf8s\" class=\"wp-embedded-content\"><p><a href=\"http:\/\/mpd.jinr.ru\/\">Main<\/a><\/p><\/blockquote>\n<p><iframe class=\"wp-embedded-content\" sandbox=\"allow-scripts\" security=\"restricted\" style=\"position: absolute; clip: rect(1px, 1px, 1px, 1px);\" src=\"http:\/\/mpd.jinr.ru\/embed\/#?secret=ezXVlsdf8s\" data-secret=\"ezXVlsdf8s\" width=\"525\" height=\"296\" title=\"&#8220;Main&#8221; &#8212; MPD EXPERIMENT\" frameborder=\"0\" marginwidth=\"0\" marginheight=\"0\" scrolling=\"no\"><\/iframe><br \/>\nhttp:\/\/nica.jinr.ru\/<br \/>\nhttp:\/\/students.jinr.ru\/en<\/p>\n","protected":false},"excerpt":{"rendered":"<p>Eksperyment MPD przy akceleratorze NICA Mutli-Purpose Detector jest budowany przy obecnie powstaj\u0105cym zderzaczu ci\u0119\u017ckich jon\u00f3w NICA w Zjednoczonym Instytucie Bada\u0144 J\u0105drowych w Dubnej (Rosja). Uruchomienie uk\u0142adu detekcyjnego MPD jest planowane ju\u017c w po\u0142owie 2021 roku, a pierwsze dane fizyczne zderze\u0144 ci\u0119\u017ckich jon\u00f3w b\u0119d\u0105 zbierane na pocz\u0105teku 2023 roku. Eksperyment MPD b\u0119dzie bada\u0142 zderzenia ci\u0119\u017ckich jon\u00f3w &hellip; <\/p>\n<p class=\"link-more\"><a href=\"http:\/\/hep.fuw.edu.pl\/index.php\/badania\/eksperyment-mpd-przy-akceleratorze-nica\/\" class=\"more-link\">Czytaj dalej<span class=\"screen-reader-text\"> Eksperyment MPD przy akceleratorze NICA<\/span><\/a><\/p>\n","protected":false},"author":2,"featured_media":0,"parent":72,"menu_order":0,"comment_status":"closed","ping_status":"closed","template":"","meta":[],"_links":{"self":[{"href":"http:\/\/hep.fuw.edu.pl\/index.php\/wp-json\/wp\/v2\/pages\/498"}],"collection":[{"href":"http:\/\/hep.fuw.edu.pl\/index.php\/wp-json\/wp\/v2\/pages"}],"about":[{"href":"http:\/\/hep.fuw.edu.pl\/index.php\/wp-json\/wp\/v2\/types\/page"}],"author":[{"embeddable":true,"href":"http:\/\/hep.fuw.edu.pl\/index.php\/wp-json\/wp\/v2\/users\/2"}],"replies":[{"embeddable":true,"href":"http:\/\/hep.fuw.edu.pl\/index.php\/wp-json\/wp\/v2\/comments?post=498"}],"version-history":[{"count":2,"href":"http:\/\/hep.fuw.edu.pl\/index.php\/wp-json\/wp\/v2\/pages\/498\/revisions"}],"predecessor-version":[{"id":501,"href":"http:\/\/hep.fuw.edu.pl\/index.php\/wp-json\/wp\/v2\/pages\/498\/revisions\/501"}],"up":[{"embeddable":true,"href":"http:\/\/hep.fuw.edu.pl\/index.php\/wp-json\/wp\/v2\/pages\/72"}],"wp:attachment":[{"href":"http:\/\/hep.fuw.edu.pl\/index.php\/wp-json\/wp\/v2\/media?parent=498"}],"curies":[{"name":"wp","href":"https:\/\/api.w.org\/{rel}","templated":true}]}}