{"id":681,"date":"2021-10-28T17:06:04","date_gmt":"2021-10-28T15:06:04","guid":{"rendered":"http:\/\/hep.fuw.edu.pl\/?page_id=681"},"modified":"2021-10-28T17:15:56","modified_gmt":"2021-10-28T15:15:56","slug":"cwiczenie-011","status":"publish","type":"page","link":"http:\/\/hep.fuw.edu.pl\/index.php\/cwiczenie-011\/","title":{"rendered":"\u0106wiczenia w grupach badawczych (011)"},"content":{"rendered":"\n<p><strong>Analiza sygna\u0142u radiowego i poszukiwanie przypadk\u00f3w w danych z eksperymentu GRAND, badaj\u0105cego promieniowanie kosmiczne najwy\u017cszych energii<\/strong><\/p>\n\n\n\n<p><em>dr Lech Wiktor Piotrowski (&#x4c;&#101;c&#x68;&#45;W&#x69;&#107;t&#x6f;&#114;&#46;&#x50;&#105;o&#x74;&#114;o&#x77;&#115;k&#x69;&#64;f&#x75;&#119;&#46;&#x65;&#100;u&#x2e;&#112;l)<\/em><\/p>\n\n\n\n<p>Pochodzenie promieniowania kosmicznego najwy\u017cszych energii pozostaje jedn\u0105 z najwi\u0119kszych zagadek wsp\u00f3\u0142czesnej fizyki. Rozwi\u0105zanie ma przynie\u015b\u0107 eksperyment Giant Radio Array for Neutrino Detection (GRAND) \u2013 planowana macierz anten stworzonych do obserwacji sygna\u0142u radiowego pochodz\u0105cego od cz\u0105stek o energiach powy\u017cej 10^17 eV przechodz\u0105cych przez atmosfer\u0119, takich jak promienie kosmiczne, neutrina i fotony.<\/p>\n\n\n\n<p>Eksperyment GRAND b\u0119dzie si\u0119 sk\u0142ada\u0142 z 200.000 anten radiowych rozstawionych na powierzchni oko\u0142o 200.000 kilometr\u00f3w kwadratowych w odludnych, g\u00f3rzystych regionach \u015bwiata. Obserwatorium b\u0119dzie wykrywa\u0107 m. in. zahaczaj\u0105ce o Ziemi\u0119 neutrina taonowe, kt\u00f3re jeszcze pod ziemi\u0105 mog\u0105 wytworzy\u0107 taony wylatuj\u0105ce na powierzchni\u0119 i tworz\u0105ce wielki p\u0119k atmosferyczny. Tak powsta\u0142a, niemal r\u00f3wnoleg\u0142a do Ziemi kaskada cz\u0105stek wt\u00f3rych wytwarza m. in. impuls radiowy w zakresie megaherc\u00f3w. P\u0119ki te pokonuj\u0105 w atmosferze du\u017ce odleg\u0142o\u015bci, zostawiaj\u0105c na powierzchni Ziemi \u201e\u015blady\u201d radiowe o d\u0142ugo\u015bci wielu kilometr\u00f3w, kt\u00f3re b\u0119d\u0105 rejestrowane przez eksperyment GRAND.<\/p>\n\n\n\n<p>Praca z danymi w ramach eksperymentu GRAND daje mo\u017cliwo\u015b\u0107 wykonania r\u00f3\u017cnych \u0107wicze\u0144:  <br>1) Analiza t\u0142a eksperymentalnego w pr\u00f3bce danych zebranej w Chinach. Wynikiem powinno by\u0107 uzyskanie podstawowej charakterystyki tego sygna\u0142u. <br>2) Poszukiwanie przypadk\u00f3w w pr\u00f3bce danych, a w przypadku znalezienia, ich scharakteryzowanie. <br>3) Oczyszczanie sygna\u0142u radiowego pochodz\u0105cego z zasymulowanych wielkich p\u0119k\u00f3w atmosferycznych. \u0106wiczenie mo\u017cna wykona\u0107 zar\u00f3wno por\u00f3wnuj\u0105c r\u00f3\u017cne znane filtry, jak r\u00f3wnie\u017c tworz\u0105c w\u0142asne algorytmy i ci\u0119cia.<\/p>\n\n\n\n<p>W zadaniach (2) i (3) mo\u017cliwe s\u0105 r\u00f3\u017cne podej\u015bcia, od wizualnej analizy danych, poprzez \u201estandardowe\u201d algorytmy analizy danych, po uczenie maszynowe.<\/p>\n\n\n\n<p>Wykonanie \u0107wicze\u0144 wymaga podstawowych umiej\u0119tno\u015bci w zakresie programowania i analizy danych (najbardziej przydatna b\u0119dzie znajomo\u015b\u0107 Pythona).<\/p>\n","protected":false},"excerpt":{"rendered":"<p>Analiza sygna\u0142u radiowego i poszukiwanie przypadk\u00f3w w danych z eksperymentu GRAND, badaj\u0105cego promieniowanie kosmiczne najwy\u017cszych energii dr Lech Wiktor Piotrowski (&#x4c;&#x65;&#x63;&#x68;&#x2d;&#x57;&#x69;&#x6b;&#x74;&#x6f;&#x72;&#x2e;&#x50;&#x69;&#111;&#116;&#114;&#111;&#119;&#115;&#107;&#105;&#64;&#102;&#117;w&#46;edu&#46;pl) Pochodzenie promieniowania kosmicznego najwy\u017cszych energii pozostaje jedn\u0105 z najwi\u0119kszych zagadek wsp\u00f3\u0142czesnej fizyki. Rozwi\u0105zanie ma przynie\u015b\u0107 eksperyment Giant Radio Array for Neutrino Detection (GRAND) \u2013 planowana macierz anten stworzonych do obserwacji sygna\u0142u radiowego pochodz\u0105cego od &hellip; <\/p>\n<p class=\"link-more\"><a href=\"http:\/\/hep.fuw.edu.pl\/index.php\/cwiczenie-011\/\" class=\"more-link\">Czytaj dalej<span class=\"screen-reader-text\"> \u0106wiczenia w grupach badawczych (011)<\/span><\/a><\/p>\n","protected":false},"author":4,"featured_media":0,"parent":0,"menu_order":0,"comment_status":"closed","ping_status":"closed","template":"","meta":[],"_links":{"self":[{"href":"http:\/\/hep.fuw.edu.pl\/index.php\/wp-json\/wp\/v2\/pages\/681"}],"collection":[{"href":"http:\/\/hep.fuw.edu.pl\/index.php\/wp-json\/wp\/v2\/pages"}],"about":[{"href":"http:\/\/hep.fuw.edu.pl\/index.php\/wp-json\/wp\/v2\/types\/page"}],"author":[{"embeddable":true,"href":"http:\/\/hep.fuw.edu.pl\/index.php\/wp-json\/wp\/v2\/users\/4"}],"replies":[{"embeddable":true,"href":"http:\/\/hep.fuw.edu.pl\/index.php\/wp-json\/wp\/v2\/comments?post=681"}],"version-history":[{"count":1,"href":"http:\/\/hep.fuw.edu.pl\/index.php\/wp-json\/wp\/v2\/pages\/681\/revisions"}],"predecessor-version":[{"id":682,"href":"http:\/\/hep.fuw.edu.pl\/index.php\/wp-json\/wp\/v2\/pages\/681\/revisions\/682"}],"wp:attachment":[{"href":"http:\/\/hep.fuw.edu.pl\/index.php\/wp-json\/wp\/v2\/media?parent=681"}],"curies":[{"name":"wp","href":"https:\/\/api.w.org\/{rel}","templated":true}]}}