{"id":689,"date":"2021-10-28T17:21:38","date_gmt":"2021-10-28T15:21:38","guid":{"rendered":"http:\/\/hep.fuw.edu.pl\/?page_id=689"},"modified":"2022-08-23T09:10:40","modified_gmt":"2022-08-23T07:10:40","slug":"cwiczenie-012","status":"publish","type":"page","link":"http:\/\/hep.fuw.edu.pl\/index.php\/cwiczenie-012\/","title":{"rendered":"\u0106wiczenia w grupach badawczych (012)"},"content":{"rendered":"\n<p><strong>Parametryzacja sygna\u0142u radiowego z Ultra High Energy Cosmic Rays w eksperymencie GRAND<\/strong><\/p>\n\n\n\n<p><em>dr Lech Wiktor Piotrowski (L&#101;&#99;&#x68;&#x2d;Wi&#107;&#116;&#x6f;&#x72;&#46;P&#105;&#111;&#x74;&#x72;ow&#115;&#x6b;&#x69;&#x40;f&#117;&#119;&#x2e;&#x65;&#x64;u&#46;&#112;&#x6c;)<\/em><\/p>\n\n\n\n<p>Pochodzenie ultra-wysokoenergetycznych (UHE) promieni kosmicznych (CR) jest jedn\u0105 z najwi\u0119kszych tajemnic wsp\u00f3\u0142czesnej fizyki. Odpowied\u017a mo\u017ce zosta\u0107 ujawniona przez Giant Radio Array for Neutrino Detection (GRAND), kt\u00f3ry jest obserwatorium radiowym nowej generacji zaprojektowanym do zbierania kosmicznych cz\u0105stek UHE o energiach przekraczaj\u0105cych 10<sup>17<\/sup> eV \u2013 takich jak promienie kosmiczne, neutrina i fotony. Celem jest rozwi\u0105zanie d\u0142ugotrwa\u0142ej tajemnicy ich pochodzenia.<\/p>\n\n\n\n<p>GRAND b\u0119dzie sk\u0142ada\u0142 si\u0119 z szeregu 200 000 anten radiowych rozmieszczonych na ponad 200 000 kilometr\u00f3w kwadratowych, wielko\u015bci Wielkiej Brytanii, w sprzyjaj\u0105cych g\u00f3rskich lokalizacjach na \u015bwiecie.<\/p>\n\n\n\n<p>GRAND jest wra\u017cliwy na kosmiczne neutrina tau, kt\u00f3re mog\u0105 wytwarza\u0107 cz\u0105stki tau pod ziemi\u0105 poprzez oddzia\u0142ywanie pr\u0105du na\u0142adowanego. Taus przemieszczaj\u0105 si\u0119 na powierzchni\u0119 Ziemi i rozpadaj\u0105 si\u0119 w atmosferze, generuj\u0105c rozleg\u0142e prysznice powietrza (EAS), kt\u00f3re z kolei generuj\u0105 (mi\u0119dzy innymi) sygna\u0142 radiowy od kilku do setek MHz. Pochy\u0142e prysznice mog\u0105 pozostawia\u0107 \u015blady st\u00f3p o powierzchni kilku kilometr\u00f3w na ziemi po przejechaniu du\u017cych odleg\u0142o\u015bci w atmosferze i by\u0107 wykrywane przez GRAND.<\/p>\n\n\n\n<p>Tematem tego \u0107wiczenia jest testowanie istniej\u0105cych parametryzacji na symulowanym sygnale radiowym GRAND UHECR. Rezultatem powinno by\u0107 znalezienie najlepszej parametryzacji dla bardzo nachylonych prysznic\u00f3w.<\/p>\n\n\n\n<p>Realizacja \u0107wiczenia wymaga podstawowych umiej\u0119tno\u015bci programowania i analizy danych (preferowana jest znajomo\u015b\u0107 Pythona).<\/p>\n","protected":false},"excerpt":{"rendered":"<p>Parametryzacja sygna\u0142u radiowego z Ultra High Energy Cosmic Rays w eksperymencie GRAND dr Lech Wiktor Piotrowski (&#76;&#101;&#x63;h&#45;&#x57;&#x69;k&#116;&#x6f;&#x72;&#46;&#80;&#x69;&#x6f;t&#114;&#x6f;&#x77;s&#107;&#x69;&#x40;f&#117;&#x77;&#46;&#101;&#100;&#x75;&#46;&#112;&#x6c;) Pochodzenie ultra-wysokoenergetycznych (UHE) promieni kosmicznych (CR) jest jedn\u0105 z najwi\u0119kszych tajemnic wsp\u00f3\u0142czesnej fizyki. Odpowied\u017a mo\u017ce zosta\u0107 ujawniona przez Giant Radio Array for Neutrino Detection (GRAND), kt\u00f3ry jest obserwatorium radiowym nowej generacji zaprojektowanym do zbierania kosmicznych cz\u0105stek UHE o &hellip; <\/p>\n<p class=\"link-more\"><a href=\"http:\/\/hep.fuw.edu.pl\/index.php\/cwiczenie-012\/\" class=\"more-link\">Czytaj dalej<span class=\"screen-reader-text\"> \u0106wiczenia w grupach badawczych (012)<\/span><\/a><\/p>\n","protected":false},"author":4,"featured_media":0,"parent":0,"menu_order":0,"comment_status":"closed","ping_status":"closed","template":"","meta":[],"_links":{"self":[{"href":"http:\/\/hep.fuw.edu.pl\/index.php\/wp-json\/wp\/v2\/pages\/689"}],"collection":[{"href":"http:\/\/hep.fuw.edu.pl\/index.php\/wp-json\/wp\/v2\/pages"}],"about":[{"href":"http:\/\/hep.fuw.edu.pl\/index.php\/wp-json\/wp\/v2\/types\/page"}],"author":[{"embeddable":true,"href":"http:\/\/hep.fuw.edu.pl\/index.php\/wp-json\/wp\/v2\/users\/4"}],"replies":[{"embeddable":true,"href":"http:\/\/hep.fuw.edu.pl\/index.php\/wp-json\/wp\/v2\/comments?post=689"}],"version-history":[{"count":2,"href":"http:\/\/hep.fuw.edu.pl\/index.php\/wp-json\/wp\/v2\/pages\/689\/revisions"}],"predecessor-version":[{"id":734,"href":"http:\/\/hep.fuw.edu.pl\/index.php\/wp-json\/wp\/v2\/pages\/689\/revisions\/734"}],"wp:attachment":[{"href":"http:\/\/hep.fuw.edu.pl\/index.php\/wp-json\/wp\/v2\/media?parent=689"}],"curies":[{"name":"wp","href":"https:\/\/api.w.org\/{rel}","templated":true}]}}