{"id":69,"date":"2017-08-02T12:29:44","date_gmt":"2017-08-02T12:29:44","guid":{"rendered":"http:\/\/hep.fuw.edu.pl\/zctest\/?page_id=69"},"modified":"2023-11-11T20:07:41","modified_gmt":"2023-11-11T18:07:41","slug":"studenci","status":"publish","type":"page","link":"http:\/\/hep.fuw.edu.pl\/index.php\/studenci\/","title":{"rendered":"Dla Student\u00f3w"},"content":{"rendered":"<div id=\"left1\">\n<p class=\"subtitle\"><a href=\"http:\/\/hep.fuw.edu.pl\/index.php\/informacje-dla-kandydatow\/\">Informacje dla kandydat\u00f3w na specjalizacj\u0119<\/a><\/p>\n<p><a href=\"http:\/\/hep.fuw.edu.pl\/index.php\/studenci\/program-specjalizacji\/\">Program specjalizacji<\/a><\/p>\n<p><a href=\"http:\/\/hep.fuw.edu.pl\/index.php\/studenci\/cwiczenia-w-grupach-badawczych\/\">\u0106wiczenia w grupach badawczych<\/a><\/p>\n<p class=\"subtitle\"><a href=\"http:\/\/hep.fuw.edu.pl\/index.php\/studenci\/pracownia-fizyczna-dla-zaawansowanych\/\">\u0106wiczenia z fizyki cz\u0105stek na Pracowni Fizycznej dla Zaawansowanych<\/a><\/p>\n<\/div>\n","protected":false},"excerpt":{"rendered":"<p>Informacje dla kandydat\u00f3w na specjalizacj\u0119 Program specjalizacji \u0106wiczenia w grupach badawczych \u0106wiczenia z fizyki cz\u0105stek na Pracowni Fizycznej dla Zaawansowanych<\/p>\n","protected":false},"author":2,"featured_media":0,"parent":0,"menu_order":0,"comment_status":"closed","ping_status":"closed","template":"","meta":[],"_links":{"self":[{"href":"http:\/\/hep.fuw.edu.pl\/index.php\/wp-json\/wp\/v2\/pages\/69"}],"collection":[{"href":"http:\/\/hep.fuw.edu.pl\/index.php\/wp-json\/wp\/v2\/pages"}],"about":[{"href":"http:\/\/hep.fuw.edu.pl\/index.php\/wp-json\/wp\/v2\/types\/page"}],"author":[{"embeddable":true,"href":"http:\/\/hep.fuw.edu.pl\/index.php\/wp-json\/wp\/v2\/users\/2"}],"replies":[{"embeddable":true,"href":"http:\/\/hep.fuw.edu.pl\/index.php\/wp-json\/wp\/v2\/comments?post=69"}],"version-history":[{"count":10,"href":"http:\/\/hep.fuw.edu.pl\/index.php\/wp-json\/wp\/v2\/pages\/69\/revisions"}],"predecessor-version":[{"id":1072,"href":"http:\/\/hep.fuw.edu.pl\/index.php\/wp-json\/wp\/v2\/pages\/69\/revisions\/1072"}],"wp:attachment":[{"href":"http:\/\/hep.fuw.edu.pl\/index.php\/wp-json\/wp\/v2\/media?parent=69"}],"curies":[{"name":"wp","href":"https:\/\/api.w.org\/{rel}","templated":true}]}}