{"id":691,"date":"2021-10-28T17:24:33","date_gmt":"2021-10-28T15:24:33","guid":{"rendered":"http:\/\/hep.fuw.edu.pl\/?page_id=691"},"modified":"2022-08-23T12:01:14","modified_gmt":"2022-08-23T10:01:14","slug":"cwiczenie-013","status":"publish","type":"page","link":"http:\/\/hep.fuw.edu.pl\/index.php\/cwiczenie-013\/","title":{"rendered":"\u0106wiczenia w grupach badawczych (013)"},"content":{"rendered":"\n<p><strong>Analiza bardzo kr\u00f3tkich zjawisk UV ziemi widocznych z orbity za pomoc\u0105 teleskopu Mini-EUSO<\/strong><\/p>\n\n\n\n<p><em>dr Lech Wiktor Piotrowski (&#x4c;e&#x63;&#104;-&#x57;&#105;&#x6b;&#116;o&#x72;&#46;&#x50;&#105;o&#x74;&#114;&#x6f;&#x77;s&#x6b;&#105;&#64;&#x66;&#117;&#x77;&#46;e&#x64;&#117;&#x2e;&#112;l)<\/em><\/p>\n\n\n\n<p>Mini-EUSO to ma\u0142y teleskop UV umieszczony na Mi\u0119dzynarodowej Stacji Kosmicznej. Obserwuje nocn\u0105 Ziemi\u0119 i jej atmosfer\u0119 w zakresie mikrosekund-milisekund, aby zrozumie\u0107 sta\u0142e i zmienne emisje, kt\u00f3re stanowi\u0142yby &#8222;t\u0142o&#8221; dla przysz\u0142ych, orbitalnych teleskop\u00f3w poszukuj\u0105cych fluorescencji UV z Ultra-High Energy Cosmic Rays oddzia\u0142uj\u0105cych w powietrzu. Emisje te s\u0105 w zasadzie niezbadanym terytorium, poniewa\u017c w przysz\u0142o\u015bci poczyniono bardzo niewiele obserwacji tego rodzaju.<\/p>\n\n\n\n<p>W\u015br\u00f3d znanych zjawisk Mini-EUSO obserwuje wiele meteor\u00f3w, elf\u00f3w, zwyk\u0142ych b\u0142yskawic i sta\u0142ego t\u0142a z ziemi, kt\u00f3re zmienia si\u0119 w zale\u017cno\u015bci od rodzaju terenu. Widzimy jednak wiele zmiennych \u017ar\u00f3de\u0142 i b\u0142ysk\u00f3w nieznanego pochodzenia oraz \u017ar\u00f3de\u0142 sta\u0142ych nieskorelowanych z mapami emisji \u015bwiat\u0142a wykonanymi w zakresie widzialnym. Ogromna ilo\u015b\u0107 danych pozwala na nast\u0119puj\u0105ce \u0107wiczenia\/tematy badawcze: <br> 1. Klasyfikacja zdarze\u0144 w Mini-EUSO \u2013 grupowanie zdarze\u0144 w kategorie i pr\u00f3ba zrozumienia, jakie s\u0105 ich w\u0142a\u015bciwo\u015bci, a nawet czym mog\u0105 by\u0107 <br> 2. Rozszerzona klasyfikacja \u017ar\u00f3de\u0142 w Mini-EUSO \u2013 stworzenie algorytmu do znajdowania rozszerzonych \u017ar\u00f3de\u0142 w danych, odr\u00f3\u017cnianie ich od chmur, por\u00f3wnywanie ich z mapami Ziemi i\/lub klasyfikowanie ich <br> 3. Analiza meteor\u00f3w znalezionych przez Mini-EUSO \u2013 znalezienie ich parametr\u00f3w, takich jak pr\u0119dko\u015bci, rze\u017a \u015bwiat\u0142a, promienie itp. <br> 4. Szukaj \u015blad\u00f3w w danych Mini-EUSO \u2013 wyszukiwanie dziak\u00f3w i promieni kosmicznych <br> 5. Identyfikacja przej\u015bciowych zdarze\u0144 \u015bwietlnych w Mini-EUSO \u2013 analiza mo\u017cliwych TLEG, kt\u00f3re nie s\u0105 elfami<\/p>\n\n\n\n<p>Realizacja \u0107wiczenia wymaga podstawowych umiej\u0119tno\u015bci programowania i analizy danych (preferowana jest znajomo\u015b\u0107 Pythona).<\/p>\n","protected":false},"excerpt":{"rendered":"<p>Analiza bardzo kr\u00f3tkich zjawisk UV ziemi widocznych z orbity za pomoc\u0105 teleskopu Mini-EUSO dr Lech Wiktor Piotrowski (&#76;&#x65;&#x63;h&#45;&#x57;i&#107;&#x74;o&#114;&#x2e;P&#105;&#x6f;&#x74;&#114;&#x6f;&#x77;s&#107;&#x69;&#64;&#102;&#x75;w&#46;&#x65;&#x64;&#117;&#x2e;&#x70;l) Mini-EUSO to ma\u0142y teleskop UV umieszczony na Mi\u0119dzynarodowej Stacji Kosmicznej. Obserwuje nocn\u0105 Ziemi\u0119 i jej atmosfer\u0119 w zakresie mikrosekund-milisekund, aby zrozumie\u0107 sta\u0142e i zmienne emisje, kt\u00f3re stanowi\u0142yby &#8222;t\u0142o&#8221; dla przysz\u0142ych, orbitalnych teleskop\u00f3w poszukuj\u0105cych fluorescencji UV z Ultra-High &hellip; <\/p>\n<p class=\"link-more\"><a href=\"http:\/\/hep.fuw.edu.pl\/index.php\/cwiczenie-013\/\" class=\"more-link\">Czytaj dalej<span class=\"screen-reader-text\"> \u0106wiczenia w grupach badawczych (013)<\/span><\/a><\/p>\n","protected":false},"author":4,"featured_media":0,"parent":0,"menu_order":0,"comment_status":"closed","ping_status":"closed","template":"","meta":[],"_links":{"self":[{"href":"http:\/\/hep.fuw.edu.pl\/index.php\/wp-json\/wp\/v2\/pages\/691"}],"collection":[{"href":"http:\/\/hep.fuw.edu.pl\/index.php\/wp-json\/wp\/v2\/pages"}],"about":[{"href":"http:\/\/hep.fuw.edu.pl\/index.php\/wp-json\/wp\/v2\/types\/page"}],"author":[{"embeddable":true,"href":"http:\/\/hep.fuw.edu.pl\/index.php\/wp-json\/wp\/v2\/users\/4"}],"replies":[{"embeddable":true,"href":"http:\/\/hep.fuw.edu.pl\/index.php\/wp-json\/wp\/v2\/comments?post=691"}],"version-history":[{"count":3,"href":"http:\/\/hep.fuw.edu.pl\/index.php\/wp-json\/wp\/v2\/pages\/691\/revisions"}],"predecessor-version":[{"id":838,"href":"http:\/\/hep.fuw.edu.pl\/index.php\/wp-json\/wp\/v2\/pages\/691\/revisions\/838"}],"wp:attachment":[{"href":"http:\/\/hep.fuw.edu.pl\/index.php\/wp-json\/wp\/v2\/media?parent=691"}],"curies":[{"name":"wp","href":"https:\/\/api.w.org\/{rel}","templated":true}]}}