{"id":75,"date":"2017-08-02T12:30:59","date_gmt":"2017-08-02T12:30:59","guid":{"rendered":"http:\/\/hep.fuw.edu.pl\/zctest\/?page_id=75"},"modified":"2020-01-08T19:08:13","modified_gmt":"2020-01-08T17:08:13","slug":"kontakt","status":"publish","type":"page","link":"http:\/\/hep.fuw.edu.pl\/index.php\/kontakt\/","title":{"rendered":"Kontakt"},"content":{"rendered":"<h2>Dane kontaktowe<\/h2>\n<p class=\"subtitle\">Kierownik zak\u0142adu:<\/p>\n<p>prof. dr hab. Aleksander Filip \u017barnecki ,<br \/>\npok<span style=\"font-size: 1rem;\">. 4.01<\/span><\/p>\n<p class=\"subtitle\">Sekretariat zak\u0142adu:<\/p>\n<p>mgr in\u017c. Anna Kaczor<br \/>\npok. 4.03, czynny pon &#8211; pt, 9.00 &#8211; 15.00<br \/>\ne-mail: &#97;k&#x61;c&#x7a;o&#x72;&#64;&#x66;&#117;&#x77;&#46;e&#x64;u&#x2e;p&#x6c;<br \/>\ntelefon: +48 22 55 32 803<\/p>\n<p class=\"subtitle\">Adres korespondencyjny:<\/p>\n<p><b>ZCiOF<\/b><br \/>\nWydzia\u0142 Fizyki UW<br \/>\nul. Pasteura 5<br \/>\nPL-02-093 Warszawa<\/p>\n<p>&nbsp;<\/p>\n<p><img loading=\"lazy\" class=\"alignnone size-full wp-image-229\" src=\"http:\/\/hep.fuw.edu.pl\/zctest\/wp-content\/uploads\/2017\/08\/mapa.png\" alt=\"\" width=\"1946\" height=\"1466\" srcset=\"http:\/\/hep.fuw.edu.pl\/wp-content\/uploads\/2017\/08\/mapa.png 1946w, http:\/\/hep.fuw.edu.pl\/wp-content\/uploads\/2017\/08\/mapa-300x226.png 300w, http:\/\/hep.fuw.edu.pl\/wp-content\/uploads\/2017\/08\/mapa-768x579.png 768w, http:\/\/hep.fuw.edu.pl\/wp-content\/uploads\/2017\/08\/mapa-1024x771.png 1024w\" sizes=\"(max-width: 767px) 89vw, (max-width: 1000px) 54vw, (max-width: 1071px) 543px, 580px\" \/><\/p>\n<p>&nbsp;<\/p>\n","protected":false},"excerpt":{"rendered":"<p>Dane kontaktowe Kierownik zak\u0142adu: prof. dr hab. Aleksander Filip \u017barnecki , pok. 4.01 Sekretariat zak\u0142adu: mgr in\u017c. Anna Kaczor pok. 4.03, czynny pon &#8211; pt, 9.00 &#8211; 15.00 e-mail: &#x61;&#x6b;&#97;c&#x7a;&#x6f;&#114;&#64;f&#x75;&#x77;&#46;&#101;d&#x75;&#x2e;&#112;l telefon: +48 22 55 32 803 Adres korespondencyjny: ZCiOF Wydzia\u0142 Fizyki UW ul. Pasteura 5 PL-02-093 Warszawa &nbsp; &nbsp;<\/p>\n","protected":false},"author":2,"featured_media":0,"parent":0,"menu_order":0,"comment_status":"closed","ping_status":"closed","template":"","meta":[],"_links":{"self":[{"href":"http:\/\/hep.fuw.edu.pl\/index.php\/wp-json\/wp\/v2\/pages\/75"}],"collection":[{"href":"http:\/\/hep.fuw.edu.pl\/index.php\/wp-json\/wp\/v2\/pages"}],"about":[{"href":"http:\/\/hep.fuw.edu.pl\/index.php\/wp-json\/wp\/v2\/types\/page"}],"author":[{"embeddable":true,"href":"http:\/\/hep.fuw.edu.pl\/index.php\/wp-json\/wp\/v2\/users\/2"}],"replies":[{"embeddable":true,"href":"http:\/\/hep.fuw.edu.pl\/index.php\/wp-json\/wp\/v2\/comments?post=75"}],"version-history":[{"count":8,"href":"http:\/\/hep.fuw.edu.pl\/index.php\/wp-json\/wp\/v2\/pages\/75\/revisions"}],"predecessor-version":[{"id":478,"href":"http:\/\/hep.fuw.edu.pl\/index.php\/wp-json\/wp\/v2\/pages\/75\/revisions\/478"}],"wp:attachment":[{"href":"http:\/\/hep.fuw.edu.pl\/index.php\/wp-json\/wp\/v2\/media?parent=75"}],"curies":[{"name":"wp","href":"https:\/\/api.w.org\/{rel}","templated":true}]}}