{"id":893,"date":"2023-01-16T14:56:18","date_gmt":"2023-01-16T12:56:18","guid":{"rendered":"http:\/\/hep.fuw.edu.pl\/?page_id=893"},"modified":"2023-01-16T15:02:41","modified_gmt":"2023-01-16T13:02:41","slug":"cwiczenie-014","status":"publish","type":"page","link":"http:\/\/hep.fuw.edu.pl\/index.php\/cwiczenie-014\/","title":{"rendered":"\u0106wiczenia w grupach badawczych (014)"},"content":{"rendered":"\n<h2>Poszukiwanie w danych z detektora Compact Muon Solenoid (CMS) dowodu na \u0142amanie zasady zachowania liczby leptonowej (CLFV).<\/h2>\n\n\n\n<p>Zasada zachowania liczby leptonowej jest jedn\u0105 z podstawowych zasad w Modelu Standardowym. Przyk\u0142adem \u0142amania tej zasady dla lepton\u00f3w na\u0142adowanych (CLFV) by\u0142by na przyk\u0142ad rozpad leptonu \u03c4 \u2192 \u03bc\u03bc\u03bc . (lub te\u017c \u03bc \u2192 eee). Procesy tego typu s\u0105 poszukiwane od wielu lat i st\u0105d wiadomo, \u017ce je\u015bli w og\u00f3le wyst\u0119puj\u0105, to s\u0105 to procesy bardzo rzadkie. Zatem do ich odkrycia potrzebne s\u0105 du\u017ce liczby zbadanych przypadk\u00f3w. Dane zebrane przez detektor CMS pozwoli\u0142y w skomplikowanej analizie wyznaczy\u0107 ograniczenia na wyst\u0119powanie procesu \u03c4 \u2192 \u03bc\u03bc\u03bc [1]. Po przyj\u0119ciu pewnych uproszcze\u0144 mo\u017cna podobn\u0105 analiz\u0119 przeprowadzi\u0107 pro\u015bciej w ramach proponowanego \u0107wiczenia. Tre\u015bci\u0105 \u0107wiczenia jest analiza rozk\u0142adu masy efektywnej trzech mion\u00f3w pochodz\u0105cych ze zbioru (ROOT file) zawieraj\u0105cego trzy lub wi\u0119cej miony z oko\u0142o 100 000 przypadk\u00f3w oddzia\u0142ywa\u0144 pp przy ca\u0142kowitej energii 13 TeV. S\u0105 te\u017c dost\u0119pne zbiory z wynikami oblicze\u0144 Monte-Carlo. Dost\u0119pny jest r\u00f3wnie\u017c program (C++), kt\u00f3ry odczytuje wspomniane zbiory i tworzy histogram p\u0119du poprzecznego mion\u00f3w.<\/p>\n\n\n\n<p>Prowadz\u0105cy: prof. dr hab. Krzysztof Doroba (&#107;&#x72;z&#121;&#x73;z&#116;&#x6f;f&#46;&#x64;o&#114;&#x6f;&#98;&#x61;&#x40;&#102;&#x75;&#x77;&#46;&#x65;d&#117;&#x2e;p&#108;)<\/p>\n\n\n\n<p>[1] CMS Collaboration, <em>Search for the lepton flavor violating decay \u03c4 \u2192 3\u03bc in proton-proton collisions at sqrt(s)= 13 TeV<\/em>, JHEP 01 (2021) 163, <a href=\"https:\/\/arxiv.org\/abs\/2007.05658\">arXiv: 2007.05658<\/a><\/p>\n","protected":false},"excerpt":{"rendered":"<p>Poszukiwanie w danych z detektora Compact Muon Solenoid (CMS) dowodu na \u0142amanie zasady zachowania liczby leptonowej (CLFV). Zasada zachowania liczby leptonowej jest jedn\u0105 z podstawowych zasad w Modelu Standardowym. Przyk\u0142adem \u0142amania tej zasady dla lepton\u00f3w na\u0142adowanych (CLFV) by\u0142by na przyk\u0142ad rozpad leptonu \u03c4 \u2192 \u03bc\u03bc\u03bc . (lub te\u017c \u03bc \u2192 eee). Procesy tego typu s\u0105 &hellip; <\/p>\n<p class=\"link-more\"><a href=\"http:\/\/hep.fuw.edu.pl\/index.php\/cwiczenie-014\/\" class=\"more-link\">Czytaj dalej<span class=\"screen-reader-text\"> \u0106wiczenia w grupach badawczych (014)<\/span><\/a><\/p>\n","protected":false},"author":4,"featured_media":0,"parent":0,"menu_order":0,"comment_status":"closed","ping_status":"closed","template":"","meta":[],"_links":{"self":[{"href":"http:\/\/hep.fuw.edu.pl\/index.php\/wp-json\/wp\/v2\/pages\/893"}],"collection":[{"href":"http:\/\/hep.fuw.edu.pl\/index.php\/wp-json\/wp\/v2\/pages"}],"about":[{"href":"http:\/\/hep.fuw.edu.pl\/index.php\/wp-json\/wp\/v2\/types\/page"}],"author":[{"embeddable":true,"href":"http:\/\/hep.fuw.edu.pl\/index.php\/wp-json\/wp\/v2\/users\/4"}],"replies":[{"embeddable":true,"href":"http:\/\/hep.fuw.edu.pl\/index.php\/wp-json\/wp\/v2\/comments?post=893"}],"version-history":[{"count":3,"href":"http:\/\/hep.fuw.edu.pl\/index.php\/wp-json\/wp\/v2\/pages\/893\/revisions"}],"predecessor-version":[{"id":896,"href":"http:\/\/hep.fuw.edu.pl\/index.php\/wp-json\/wp\/v2\/pages\/893\/revisions\/896"}],"wp:attachment":[{"href":"http:\/\/hep.fuw.edu.pl\/index.php\/wp-json\/wp\/v2\/media?parent=893"}],"curies":[{"name":"wp","href":"https:\/\/api.w.org\/{rel}","templated":true}]}}