{"id":936,"date":"2023-01-17T10:45:19","date_gmt":"2023-01-17T08:45:19","guid":{"rendered":"http:\/\/hep.fuw.edu.pl\/?page_id=936"},"modified":"2023-01-21T14:50:42","modified_gmt":"2023-01-21T12:50:42","slug":"cwiczenie-015","status":"publish","type":"page","link":"http:\/\/hep.fuw.edu.pl\/index.php\/cwiczenie-015\/","title":{"rendered":"\u0106wiczenia w grupach badawczych (015)"},"content":{"rendered":"\n<h2>Analiza wynik\u00f3w symulacji kalorymetru elektromagnetycznego dla eksperymentu LUXE<\/h2>\n\n\n\n<p>Eksperyment LUXE planowany w o\u015brodku DESY przy laboratorium X-FEL w Hamburgu ma na celu badani oddzia\u0142ywa\u0144 elektron\u00f3w i foton\u00f3w w warunkach bardzo silnych nat\u0119\u017ce\u0144 p\u00f3l elektrycznych, kt\u00f3re prowadzi\u0107 mog\u0105 do efekt\u00f3w wymagaj\u0105cych nowego opisu teoretycznego, wykraczaj\u0105cych poza przyj\u0119ty formalizm liniowych r\u00f3wna\u0144 kwantowej elektrodynamiki. Jednym z kluczowych element\u00f3w uk\u0142adu detekcyjnego ma by\u0107 kalorymetr elektromagnetyczny ECAL-P s\u0142u\u017c\u0105cy do pomiaru energii pozyton\u00f3w produkowanych w reakcji: <br>                  e<sup>&#8211;<\/sup> + N \u03b3  \u2192  e<sup>&#8211;<\/sup> e<sup>&#8211;<\/sup> e<sup>+<\/sup> <br>Kalorymetr ten ma by\u0107 zbudowany z p\u0142yt wolframowych i pikselowych detektor\u00f3w krzemowych. Przeprowadzono szczeg\u00f3\u0142ow\u0105 symulacj\u0119 oddzia\u0142ywania pozyton\u00f3w w kalorymetrze dla r\u00f3\u017cnych ich energii, z przedzia\u0142u od 2 do 15 GeV. Celem \u0107wiczenia b\u0119dzie analiza wynik\u00f3w symulacji, w szczeg\u00f3lno\u015bci zbadanie oczekiwanej dok\u0142adno\u015bci pomiaru energii oraz wp\u0142ywu segmentacji pod\u0142u\u017cnej i poprzecznej kalorymetru na pomiar.<\/p>\n\n\n\n<p>Opiekun: dr hab. Grzegorz Grzelak (g&#114;&#122;&#101;&#x6c;&#x61;&#x6b;&#64;f&#117;&#119;&#x2e;&#x65;&#x64;&#x75;&#46;p&#108;)<\/p>\n\n\n\n<p><\/p>\n","protected":false},"excerpt":{"rendered":"<p>Analiza wynik\u00f3w symulacji kalorymetru elektromagnetycznego dla eksperymentu LUXE Eksperyment LUXE planowany w o\u015brodku DESY przy laboratorium X-FEL w Hamburgu ma na celu badani oddzia\u0142ywa\u0144 elektron\u00f3w i foton\u00f3w w warunkach bardzo silnych nat\u0119\u017ce\u0144 p\u00f3l elektrycznych, kt\u00f3re prowadzi\u0107 mog\u0105 do efekt\u00f3w wymagaj\u0105cych nowego opisu teoretycznego, wykraczaj\u0105cych poza przyj\u0119ty formalizm liniowych r\u00f3wna\u0144 kwantowej elektrodynamiki. Jednym z kluczowych element\u00f3w &hellip; <\/p>\n<p class=\"link-more\"><a href=\"http:\/\/hep.fuw.edu.pl\/index.php\/cwiczenie-015\/\" class=\"more-link\">Czytaj dalej<span class=\"screen-reader-text\"> \u0106wiczenia w grupach badawczych (015)<\/span><\/a><\/p>\n","protected":false},"author":4,"featured_media":0,"parent":0,"menu_order":0,"comment_status":"closed","ping_status":"closed","template":"","meta":[],"_links":{"self":[{"href":"http:\/\/hep.fuw.edu.pl\/index.php\/wp-json\/wp\/v2\/pages\/936"}],"collection":[{"href":"http:\/\/hep.fuw.edu.pl\/index.php\/wp-json\/wp\/v2\/pages"}],"about":[{"href":"http:\/\/hep.fuw.edu.pl\/index.php\/wp-json\/wp\/v2\/types\/page"}],"author":[{"embeddable":true,"href":"http:\/\/hep.fuw.edu.pl\/index.php\/wp-json\/wp\/v2\/users\/4"}],"replies":[{"embeddable":true,"href":"http:\/\/hep.fuw.edu.pl\/index.php\/wp-json\/wp\/v2\/comments?post=936"}],"version-history":[{"count":4,"href":"http:\/\/hep.fuw.edu.pl\/index.php\/wp-json\/wp\/v2\/pages\/936\/revisions"}],"predecessor-version":[{"id":981,"href":"http:\/\/hep.fuw.edu.pl\/index.php\/wp-json\/wp\/v2\/pages\/936\/revisions\/981"}],"wp:attachment":[{"href":"http:\/\/hep.fuw.edu.pl\/index.php\/wp-json\/wp\/v2\/media?parent=936"}],"curies":[{"name":"wp","href":"https:\/\/api.w.org\/{rel}","templated":true}]}}