{"id":972,"date":"2023-01-21T14:40:31","date_gmt":"2023-01-21T12:40:31","guid":{"rendered":"http:\/\/hep.fuw.edu.pl\/?page_id=972"},"modified":"2023-01-21T14:41:01","modified_gmt":"2023-01-21T12:41:01","slug":"cwiczenie-016","status":"publish","type":"page","link":"http:\/\/hep.fuw.edu.pl\/index.php\/cwiczenie-016\/","title":{"rendered":"\u0106wiczenia w grupach badawczych (016)"},"content":{"rendered":"\n<h2>Badanie oscylacji neutrin atmosferycznych w eksperymencie Super-Kamiokande.<\/h2>\n\n\n\n<p><em>opiekun: dr Magdalena Posiada\u0142a-Zezula, email: &#x4d;&#x61;&#103;&#100;a&#x6c;&#x65;&#x6e;&#97;&#46;P&#x6f;&#x73;&#105;&#97;d&#x61;&#x6c;&#x61;&#64;fu&#x77;&#x2e;&#101;&#100;u&#x2e;&#x70;&#x6c;<\/em> <\/p>\n\n\n\n<p>Detektor Super-Kamiokande to najwi\u0119kszy na \u015bwiecie wodny detektor promieniowania Czerenkowa zlokalizowany w kopalni w miejscowo\u015bci Kamioka w prefekturze Gifu w Japonii. Detektor rejestruje oddzia\u0142ywania m.in neutrin z wod\u0105. W \u0107wiczeniu student zaznajomi si\u0119 z tematyk\u0105 neutrin atmosferycznych, ich produkcji oraz jak s\u0105 one rejestrowane w detektorze. Pozna metody selekcji r\u00f3\u017cnych klas oddzia\u0142ywa\u0144 neutrin. Znajomo\u015b\u0107 programowania w w j\u0119zyku C++\/Python jest wymagana.<\/p>\n\n\n\n<p><\/p>\n\n\n\n<p><\/p>\n","protected":false},"excerpt":{"rendered":"<p>Badanie oscylacji neutrin atmosferycznych w eksperymencie Super-Kamiokande. opiekun: dr Magdalena Posiada\u0142a-Zezula, email: &#x4d;&#97;g&#x64;&#97;&#108;&#x65;&#x6e;&#97;&#46;&#x50;&#111;s&#x69;&#x61;&#100;a&#x6c;&#97;&#64;&#x66;&#x75;&#119;&#46;&#x65;&#100;u&#x2e;&#x70;&#108; Detektor Super-Kamiokande to najwi\u0119kszy na \u015bwiecie wodny detektor promieniowania Czerenkowa zlokalizowany w kopalni w miejscowo\u015bci Kamioka w prefekturze Gifu w Japonii. Detektor rejestruje oddzia\u0142ywania m.in neutrin z wod\u0105. W \u0107wiczeniu student zaznajomi si\u0119 z tematyk\u0105 neutrin atmosferycznych, ich produkcji oraz jak s\u0105 &hellip; <\/p>\n<p class=\"link-more\"><a href=\"http:\/\/hep.fuw.edu.pl\/index.php\/cwiczenie-016\/\" class=\"more-link\">Czytaj dalej<span class=\"screen-reader-text\"> \u0106wiczenia w grupach badawczych (016)<\/span><\/a><\/p>\n","protected":false},"author":4,"featured_media":0,"parent":0,"menu_order":0,"comment_status":"closed","ping_status":"closed","template":"","meta":[],"_links":{"self":[{"href":"http:\/\/hep.fuw.edu.pl\/index.php\/wp-json\/wp\/v2\/pages\/972"}],"collection":[{"href":"http:\/\/hep.fuw.edu.pl\/index.php\/wp-json\/wp\/v2\/pages"}],"about":[{"href":"http:\/\/hep.fuw.edu.pl\/index.php\/wp-json\/wp\/v2\/types\/page"}],"author":[{"embeddable":true,"href":"http:\/\/hep.fuw.edu.pl\/index.php\/wp-json\/wp\/v2\/users\/4"}],"replies":[{"embeddable":true,"href":"http:\/\/hep.fuw.edu.pl\/index.php\/wp-json\/wp\/v2\/comments?post=972"}],"version-history":[{"count":1,"href":"http:\/\/hep.fuw.edu.pl\/index.php\/wp-json\/wp\/v2\/pages\/972\/revisions"}],"predecessor-version":[{"id":973,"href":"http:\/\/hep.fuw.edu.pl\/index.php\/wp-json\/wp\/v2\/pages\/972\/revisions\/973"}],"wp:attachment":[{"href":"http:\/\/hep.fuw.edu.pl\/index.php\/wp-json\/wp\/v2\/media?parent=972"}],"curies":[{"name":"wp","href":"https:\/\/api.w.org\/{rel}","templated":true}]}}