{"id":976,"date":"2023-01-21T14:46:18","date_gmt":"2023-01-21T12:46:18","guid":{"rendered":"http:\/\/hep.fuw.edu.pl\/?page_id=976"},"modified":"2023-01-21T14:46:19","modified_gmt":"2023-01-21T12:46:19","slug":"cwiczenie-017","status":"publish","type":"page","link":"http:\/\/hep.fuw.edu.pl\/index.php\/cwiczenie-017\/","title":{"rendered":"\u0106wiczenia w grupach badawczych (017)"},"content":{"rendered":"\n<h2>Badanie oscylacji neutrin akceleratorowych w eksperymencie Tokai-to-Kamioka (T2K).<\/h2>\n\n\n\n<p><em>opiekun: dr Magdalena Posiada\u0142a-Zezula, email: &#77;&#97;&#x67;&#x64;&#97;&#108;&#x65;&#x6e;&#97;&#46;&#x50;&#x6f;&#115;&#105;&#x61;&#x64;&#97;&#108;&#x61;&#x40;&#102;&#117;&#x77;&#x2e;&#101;&#100;&#x75;&#x2e;&#112;&#108;<\/em><\/p>\n\n\n\n<p>Eksperyment Tokai-to-Kamioka- (T2K) bada oscylacje neutrin wyprodukowanych w o\u015brodku J-PARC w Tokai, w Japonii, kt\u00f3re s\u0105 rejestrowane 295 km dalej w detektorze Super-Kamiokande. W \u0107wiczeniu student zaznajomi si\u0119 z tematyk\u0105 neutrin akceleratorowych ich produkcji oraz sposobem ich rejestracji w detektorze. Pozna metody selekcji r\u00f3\u017cnych klas oddzia\u0142ywa\u0144 neutrin. Znajomo\u015b\u0107 programowania w w j\u0119zyku C++\/Python jest wymagana.<\/p>\n\n\n\n<p><\/p>\n","protected":false},"excerpt":{"rendered":"<p>Badanie oscylacji neutrin akceleratorowych w eksperymencie Tokai-to-Kamioka (T2K). opiekun: dr Magdalena Posiada\u0142a-Zezula, email: &#77;&#x61;&#103;&#x64;a&#x6c;e&#110;&#x61;&#46;&#x50;&#111;&#x73;i&#x61;d&#97;&#x6c;&#97;&#x40;f&#x75;w&#x2e;&#x65;&#100;&#x75;&#46;&#x70;l Eksperyment Tokai-to-Kamioka- (T2K) bada oscylacje neutrin wyprodukowanych w o\u015brodku J-PARC w Tokai, w Japonii, kt\u00f3re s\u0105 rejestrowane 295 km dalej w detektorze Super-Kamiokande. W \u0107wiczeniu student zaznajomi si\u0119 z tematyk\u0105 neutrin akceleratorowych ich produkcji oraz sposobem ich rejestracji w detektorze. Pozna &hellip; <\/p>\n<p class=\"link-more\"><a href=\"http:\/\/hep.fuw.edu.pl\/index.php\/cwiczenie-017\/\" class=\"more-link\">Czytaj dalej<span class=\"screen-reader-text\"> \u0106wiczenia w grupach badawczych (017)<\/span><\/a><\/p>\n","protected":false},"author":4,"featured_media":0,"parent":0,"menu_order":0,"comment_status":"closed","ping_status":"closed","template":"","meta":[],"_links":{"self":[{"href":"http:\/\/hep.fuw.edu.pl\/index.php\/wp-json\/wp\/v2\/pages\/976"}],"collection":[{"href":"http:\/\/hep.fuw.edu.pl\/index.php\/wp-json\/wp\/v2\/pages"}],"about":[{"href":"http:\/\/hep.fuw.edu.pl\/index.php\/wp-json\/wp\/v2\/types\/page"}],"author":[{"embeddable":true,"href":"http:\/\/hep.fuw.edu.pl\/index.php\/wp-json\/wp\/v2\/users\/4"}],"replies":[{"embeddable":true,"href":"http:\/\/hep.fuw.edu.pl\/index.php\/wp-json\/wp\/v2\/comments?post=976"}],"version-history":[{"count":1,"href":"http:\/\/hep.fuw.edu.pl\/index.php\/wp-json\/wp\/v2\/pages\/976\/revisions"}],"predecessor-version":[{"id":977,"href":"http:\/\/hep.fuw.edu.pl\/index.php\/wp-json\/wp\/v2\/pages\/976\/revisions\/977"}],"wp:attachment":[{"href":"http:\/\/hep.fuw.edu.pl\/index.php\/wp-json\/wp\/v2\/media?parent=976"}],"curies":[{"name":"wp","href":"https:\/\/api.w.org\/{rel}","templated":true}]}}